{"id":1122,"date":"2024-08-06T14:18:05","date_gmt":"2024-08-06T12:18:05","guid":{"rendered":"https:\/\/www.aumes.fr\/?page_id=1122"},"modified":"2024-09-10T11:20:39","modified_gmt":"2024-09-10T09:20:39","slug":"urbanisme","status":"publish","type":"page","link":"https:\/\/www.aumes.fr\/index.php\/urbanisme\/","title":{"rendered":"Urbanisme"},"content":{"rendered":"\t\t<div data-elementor-type=\"wp-page\" data-elementor-id=\"1122\" class=\"elementor elementor-1122\">\n\t\t\t\t<div class=\"elementor-element elementor-element-46d0f1c e-flex e-con-boxed e-con e-parent\" data-id=\"46d0f1c\" data-element_type=\"container\" data-e-type=\"container\">\n\t\t\t\t\t<div class=\"e-con-inner\">\n\t\t\t\t<div class=\"elementor-element elementor-element-bb71e61 elementor-widget elementor-widget-spacer\" data-id=\"bb71e61\" data-element_type=\"widget\" data-e-type=\"widget\" data-widget_type=\"spacer.default\">\n\t\t\t\t<div class=\"elementor-widget-container\">\n\t\t\t\t\t\t\t<div class=\"elementor-spacer\">\n\t\t\t<div class=\"elementor-spacer-inner\"><\/div>\n\t\t<\/div>\n\t\t\t\t\t\t<\/div>\n\t\t\t\t<\/div>\n\t\t\t\t<div class=\"elementor-element elementor-element-0b9ae7c elementor-widget elementor-widget-heading\" data-id=\"0b9ae7c\" data-element_type=\"widget\" data-e-type=\"widget\" data-widget_type=\"heading.default\">\n\t\t\t\t<div class=\"elementor-widget-container\">\n\t\t\t\t\t<h2 class=\"elementor-heading-title elementor-size-default\">Urbanisme<\/h2>\t\t\t\t<\/div>\n\t\t\t\t<\/div>\n\t\t\t\t<div class=\"elementor-element elementor-element-f1accd6 elementor-widget elementor-widget-spacer\" data-id=\"f1accd6\" data-element_type=\"widget\" data-e-type=\"widget\" data-widget_type=\"spacer.default\">\n\t\t\t\t<div class=\"elementor-widget-container\">\n\t\t\t\t\t\t\t<div class=\"elementor-spacer\">\n\t\t\t<div class=\"elementor-spacer-inner\"><\/div>\n\t\t<\/div>\n\t\t\t\t\t\t<\/div>\n\t\t\t\t<\/div>\n\t\t\t\t<div class=\"elementor-element elementor-element-3116f04 elementor-widget elementor-widget-text-editor\" data-id=\"3116f04\" data-element_type=\"widget\" data-e-type=\"widget\" data-widget_type=\"text-editor.default\">\n\t\t\t\t<div class=\"elementor-widget-container\">\n\t\t\t\t\t\t\t\t\t<p>A partir du 1er\u00a0janvier 2022, toutes les demandes d\u2019autorisation d\u2019urbanisme doivent \u00eatre d\u00e9pos\u00e9es par voie d\u00e9mat\u00e9rialis\u00e9e : permis de construire, permis d\u2019am\u00e9nager, permis de d\u00e9molir, d\u00e9claration pr\u00e9alable de travaux et certificats d\u2019urbanisme.<\/p><p>Le lien d\u2019acc\u00e8s au guichet unique\u00a0des autorisations d\u2019urbanisme\u00a0est le suivant :<span style=\"color: #0000ff;\">\u00a0<a style=\"color: #0000ff;\" href=\"https:\/\/gnau.cahm.net\/\">https:\/\/gnau.cahm.net<\/a><\/span><\/p><p>Pour d\u00e9poser une demande, il suffit de cr\u00e9er un compte ou de se connecter via France connect sur le guichet unique et de suivre les instructions \u00e0 l\u2019\u00e9cran.<\/p><p><a href=\"https:\/\/www.calameo.com\/ville-de-pezenas\/read\/006709357a9bb93d26c7a\" target=\"_blank\" rel=\"noopener\"><span style=\"color: #0000ff;\">Notice de d\u00e9claration en ligne<\/span><\/a><\/p><p>Le service technique se tient \u00e0 votre disposition pour toutes informations relatives au droit des sols et vous fournit tous les renseignements n\u00e9cessaires \u00e0 la constitution de vos projets.<\/p><p><span style=\"font-size: 20px; text-align: var(--text-align);\">Les renseignements cadastraux et les demandes d\u2019informations seront prioritairement adress\u00e9s par mail.<\/span><\/p>\t\t\t\t\t\t\t\t<\/div>\n\t\t\t\t<\/div>\n\t\t\t\t\t<\/div>\n\t\t\t\t<\/div>\n\t\t<div class=\"elementor-element elementor-element-688b377 e-flex e-con-boxed e-con e-parent\" data-id=\"688b377\" data-element_type=\"container\" data-e-type=\"container\">\n\t\t\t\t\t<div class=\"e-con-inner\">\n\t\t\t\t<div class=\"elementor-element elementor-element-1519d39 elementor-grid-eael-col-3 elementor-grid-tablet-eael-col-2 elementor-grid-mobile-eael-col-1 elementor-widget elementor-widget-eael-post-grid\" data-id=\"1519d39\" data-element_type=\"widget\" data-e-type=\"widget\" data-settings=\"{&quot;eael_post_grid_columns&quot;:&quot;eael-col-3&quot;,&quot;eael_post_grid_columns_tablet&quot;:&quot;eael-col-2&quot;,&quot;eael_post_grid_columns_mobile&quot;:&quot;eael-col-1&quot;}\" data-widget_type=\"eael-post-grid.default\">\n\t\t\t\t<div class=\"elementor-widget-container\">\n\t\t\t\t\t<div id=\"eael-post-grid-1519d39\" class=\"eael-post-grid-container\">\n            <div class=\"eael-post-grid eael-post-appender eael-post-appender-1519d39 eael-post-grid-style-three\" data-layout-mode=\"masonry\"><article class=\"eael-grid-post  eael-post-grid-column eael-pg-post-1950 category-non-classe-travaux-urbanisme\" data-id=\"1950\">\n        <div class=\"eael-grid-post-holder\">\n            <div class=\"eael-grid-post-holder-inner\"><div class=\"eael-entry-media\"><div class=\"eael-entry-overlay fade-in\"><i class=\"fas fa-long-arrow-alt-right\" aria-hidden=\"true\"><\/i><a href=\"https:\/\/www.aumes.fr\/index.php\/2025\/02\/04\/caue-conseil-gratuit-projets-urbanisme\/\"><\/a><\/div><div class=\"eael-entry-thumbnail \">\n                 <img fetchpriority=\"high\" decoding=\"async\" width=\"210\" height=\"300\" src=\"https:\/\/www.aumes.fr\/wp-content\/uploads\/2025\/02\/Encart-Bulletin-Municipal-CP_page-0001-210x300.jpg\" class=\"attachment-medium size-medium wp-image-1951\" alt=\"\" srcset=\"https:\/\/www.aumes.fr\/wp-content\/uploads\/2025\/02\/Encart-Bulletin-Municipal-CP_page-0001-210x300.jpg 210w, https:\/\/www.aumes.fr\/wp-content\/uploads\/2025\/02\/Encart-Bulletin-Municipal-CP_page-0001.jpg 621w\" sizes=\"(max-width: 210px) 100vw, 210px\" \/>\n             <\/div>\n        <\/div><div class=\"eael-entry-wrapper\"><header class=\"eael-entry-header\"><h2 class=\"eael-entry-title\"><a class=\"eael-grid-post-link\" href=\"https:\/\/www.aumes.fr\/index.php\/2025\/02\/04\/caue-conseil-gratuit-projets-urbanisme\/\" title=\"CAUE Conseil gratuit projets Urbanisme\">CAUE Conseil gratuit projets Urbanisme<\/a><\/h2><\/header><div class=\"eael-entry-content\">\n                        <div class=\"eael-grid-post-excerpt\"><p>Le CAUE est un service public cr\u00e9\u00e9 par la Loi sur l\u2019Architecture en 1977. Il permet \u00e0 tout habitant, porteur de projet (construction, r\u00e9novation, am\u00e9nagement) de b\u00e9n\u00e9ficier d\u2019un entretien avec des professionnels qui lui assureront des\u00a0conseils neutres, ind\u00e9pendants et gratuits\u00a0en lien avec les caract\u00e9ristiques de notre d\u00e9partement, ce qui est...<\/p><a href=\"https:\/\/www.aumes.fr\/index.php\/2025\/02\/04\/caue-conseil-gratuit-projets-urbanisme\/\" class=\"eael-post-elements-readmore-btn\">En savoir plus ...<\/a><\/div>\n                    <\/div><\/div><\/div>\n        <\/div>\n    <\/article><article class=\"eael-grid-post  eael-post-grid-column eael-pg-post-1854 category-urbanisme\" data-id=\"1854\">\n        <div class=\"eael-grid-post-holder\">\n            <div class=\"eael-grid-post-holder-inner\"><div class=\"eael-entry-media\"><div class=\"eael-entry-overlay fade-in\"><i class=\"fas fa-long-arrow-alt-right\" aria-hidden=\"true\"><\/i><a href=\"https:\/\/www.aumes.fr\/index.php\/2024\/09\/10\/accompagnateur-france-renov\/\"><\/a><\/div><div class=\"eael-entry-thumbnail \">\n                 <img decoding=\"async\" width=\"236\" height=\"217\" src=\"https:\/\/www.aumes.fr\/wp-content\/uploads\/2024\/09\/france-renov.png\" class=\"attachment-medium size-medium wp-image-1855\" alt=\"\" \/>\n             <\/div>\n        <\/div><div class=\"eael-entry-wrapper\"><header class=\"eael-entry-header\"><h2 class=\"eael-entry-title\"><a class=\"eael-grid-post-link\" href=\"https:\/\/www.aumes.fr\/index.php\/2024\/09\/10\/accompagnateur-france-renov\/\" title=\"Accompagnateur France Renov&#8217;\">Accompagnateur France Renov&#8217;<\/a><\/h2><\/header><div class=\"eael-entry-content\">\n                        <div class=\"eael-grid-post-excerpt\"><p>Mon Accompagnateur R\u00e9nov&#8217; Mon Accompagnateur R\u00e9nov&#8217; est un partenaire fiable qui accompagne les m\u00e9nages dans leurs projets de r\u00e9novation \u00e9nerg\u00e9tique. Pour assurer la r\u00e9ussite de leur d\u00e9marche, il est indispensable que les m\u00e9nages sollicitent les services de Mon Accompagnateur R\u00e9nov&#8217; pour b\u00e9n\u00e9ficier de l\u2019aide MaPrimeR\u00e9nov\u2019 Parcours accompagn\u00e9. Il propose un...<\/p><a href=\"https:\/\/www.aumes.fr\/index.php\/2024\/09\/10\/accompagnateur-france-renov\/\" class=\"eael-post-elements-readmore-btn\">En savoir plus ...<\/a><\/div>\n                    <\/div><\/div><\/div>\n        <\/div>\n    <\/article><\/div>\n            <div class=\"clearfix\"><\/div>\n        <\/div>\t\t\t\t<\/div>\n\t\t\t\t<\/div>\n\t\t\t\t\t<\/div>\n\t\t\t\t<\/div>\n\t\t\t\t<\/div>\n\t\t","protected":false},"excerpt":{"rendered":"<p>Urbanisme A partir du 1er\u00a0janvier 2022, toutes les demandes d\u2019autorisation d\u2019urbanisme doivent \u00eatre d\u00e9pos\u00e9es par voie d\u00e9mat\u00e9rialis\u00e9e : permis de construire, permis d\u2019am\u00e9nager, permis de d\u00e9molir, d\u00e9claration pr\u00e9alable de travaux et certificats d\u2019urbanisme. Le lien d\u2019acc\u00e8s au guichet unique\u00a0des autorisations d\u2019urbanisme\u00a0est le suivant :\u00a0https:\/\/gnau.cahm.net Pour d\u00e9poser une demande, il suffit de cr\u00e9er un compte ou [&hellip;]<\/p>\n","protected":false},"author":1,"featured_media":0,"parent":0,"menu_order":0,"comment_status":"closed","ping_status":"closed","template":"","meta":{"ocean_post_layout":"","ocean_both_sidebars_style":"","ocean_both_sidebars_content_width":0,"ocean_both_sidebars_sidebars_width":0,"ocean_sidebar":"","ocean_second_sidebar":"","ocean_disable_margins":"enable","ocean_add_body_class":"","ocean_shortcode_before_top_bar":"","ocean_shortcode_after_top_bar":"","ocean_shortcode_before_header":"","ocean_shortcode_after_header":"","ocean_has_shortcode":"","ocean_shortcode_after_title":"","ocean_shortcode_before_footer_widgets":"","ocean_shortcode_after_footer_widgets":"","ocean_shortcode_before_footer_bottom":"","ocean_shortcode_after_footer_bottom":"","ocean_display_top_bar":"default","ocean_display_header":"default","ocean_header_style":"","ocean_center_header_left_menu":"","ocean_custom_header_template":"","ocean_custom_logo":0,"ocean_custom_retina_logo":0,"ocean_custom_logo_max_width":0,"ocean_custom_logo_tablet_max_width":0,"ocean_custom_logo_mobile_max_width":0,"ocean_custom_logo_max_height":0,"ocean_custom_logo_tablet_max_height":0,"ocean_custom_logo_mobile_max_height":0,"ocean_header_custom_menu":"","ocean_menu_typo_font_family":"","ocean_menu_typo_font_subset":"","ocean_menu_typo_font_size":0,"ocean_menu_typo_font_size_tablet":0,"ocean_menu_typo_font_size_mobile":0,"ocean_menu_typo_font_size_unit":"px","ocean_menu_typo_font_weight":"","ocean_menu_typo_font_weight_tablet":"","ocean_menu_typo_font_weight_mobile":"","ocean_menu_typo_transform":"","ocean_menu_typo_transform_tablet":"","ocean_menu_typo_transform_mobile":"","ocean_menu_typo_line_height":0,"ocean_menu_typo_line_height_tablet":0,"ocean_menu_typo_line_height_mobile":0,"ocean_menu_typo_line_height_unit":"","ocean_menu_typo_spacing":0,"ocean_menu_typo_spacing_tablet":0,"ocean_menu_typo_spacing_mobile":0,"ocean_menu_typo_spacing_unit":"","ocean_menu_link_color":"","ocean_menu_link_color_hover":"","ocean_menu_link_color_active":"","ocean_menu_link_background":"","ocean_menu_link_hover_background":"","ocean_menu_link_active_background":"","ocean_menu_social_links_bg":"","ocean_menu_social_hover_links_bg":"","ocean_menu_social_links_color":"","ocean_menu_social_hover_links_color":"","ocean_disable_title":"default","ocean_disable_heading":"default","ocean_post_title":"","ocean_post_subheading":"","ocean_post_title_style":"","ocean_post_title_background_color":"","ocean_post_title_background":0,"ocean_post_title_bg_image_position":"","ocean_post_title_bg_image_attachment":"","ocean_post_title_bg_image_repeat":"","ocean_post_title_bg_image_size":"","ocean_post_title_height":0,"ocean_post_title_bg_overlay":0.5,"ocean_post_title_bg_overlay_color":"","ocean_disable_breadcrumbs":"default","ocean_breadcrumbs_color":"","ocean_breadcrumbs_separator_color":"","ocean_breadcrumbs_links_color":"","ocean_breadcrumbs_links_hover_color":"","ocean_display_footer_widgets":"default","ocean_display_footer_bottom":"default","ocean_custom_footer_template":"","footnotes":""},"class_list":["post-1122","page","type-page","status-publish","hentry","entry","has-media"],"yoast_head":"<!-- This site is optimized with the Yoast SEO plugin v27.5 - https:\/\/yoast.com\/product\/yoast-seo-wordpress\/ -->\n<title>Urbanisme - Mairie de Aumes<\/title>\n<meta name=\"robots\" content=\"index, follow, max-snippet:-1, max-image-preview:large, max-video-preview:-1\" \/>\n<link rel=\"canonical\" href=\"http:\/\/www.aumes.fr\/index.php\/urbanisme\/\" \/>\n<meta property=\"og:locale\" content=\"en_US\" \/>\n<meta property=\"og:type\" content=\"article\" \/>\n<meta property=\"og:title\" content=\"Urbanisme - Mairie de Aumes\" \/>\n<meta property=\"og:description\" content=\"Urbanisme A partir du 1er\u00a0janvier 2022, toutes les demandes d\u2019autorisation d\u2019urbanisme doivent \u00eatre d\u00e9pos\u00e9es par voie d\u00e9mat\u00e9rialis\u00e9e : permis de construire, permis d\u2019am\u00e9nager, permis de d\u00e9molir, d\u00e9claration pr\u00e9alable de travaux et certificats d\u2019urbanisme. Le lien d\u2019acc\u00e8s au guichet unique\u00a0des autorisations d\u2019urbanisme\u00a0est le suivant :\u00a0https:\/\/gnau.cahm.net Pour d\u00e9poser une demande, il suffit de cr\u00e9er un compte ou [&hellip;]\" \/>\n<meta property=\"og:url\" content=\"http:\/\/www.aumes.fr\/index.php\/urbanisme\/\" \/>\n<meta property=\"og:site_name\" content=\"Mairie de Aumes\" \/>\n<meta property=\"article:modified_time\" content=\"2024-09-10T09:20:39+00:00\" \/>\n<meta property=\"og:image\" content=\"http:\/\/www.aumes.fr\/wp-content\/uploads\/2024\/09\/france-renov.png\" \/>\n<meta name=\"twitter:card\" content=\"summary_large_image\" \/>\n<meta name=\"twitter:label1\" content=\"Est. reading time\" \/>\n\t<meta name=\"twitter:data1\" content=\"2 minutes\" \/>\n<script type=\"application\/ld+json\" class=\"yoast-schema-graph\">{\"@context\":\"https:\\\/\\\/schema.org\",\"@graph\":[{\"@type\":\"WebPage\",\"@id\":\"http:\\\/\\\/www.aumes.fr\\\/index.php\\\/urbanisme\\\/\",\"url\":\"http:\\\/\\\/www.aumes.fr\\\/index.php\\\/urbanisme\\\/\",\"name\":\"Urbanisme - Mairie de Aumes\",\"isPartOf\":{\"@id\":\"http:\\\/\\\/www.aumes.fr\\\/#website\"},\"primaryImageOfPage\":{\"@id\":\"http:\\\/\\\/www.aumes.fr\\\/index.php\\\/urbanisme\\\/#primaryimage\"},\"image\":{\"@id\":\"http:\\\/\\\/www.aumes.fr\\\/index.php\\\/urbanisme\\\/#primaryimage\"},\"thumbnailUrl\":\"http:\\\/\\\/www.aumes.fr\\\/wp-content\\\/uploads\\\/2024\\\/09\\\/france-renov.png\",\"datePublished\":\"2024-08-06T12:18:05+00:00\",\"dateModified\":\"2024-09-10T09:20:39+00:00\",\"breadcrumb\":{\"@id\":\"http:\\\/\\\/www.aumes.fr\\\/index.php\\\/urbanisme\\\/#breadcrumb\"},\"inLanguage\":\"en-US\",\"potentialAction\":[{\"@type\":\"ReadAction\",\"target\":[\"http:\\\/\\\/www.aumes.fr\\\/index.php\\\/urbanisme\\\/\"]}]},{\"@type\":\"ImageObject\",\"inLanguage\":\"en-US\",\"@id\":\"http:\\\/\\\/www.aumes.fr\\\/index.php\\\/urbanisme\\\/#primaryimage\",\"url\":\"https:\\\/\\\/www.aumes.fr\\\/wp-content\\\/uploads\\\/2024\\\/09\\\/france-renov.png\",\"contentUrl\":\"https:\\\/\\\/www.aumes.fr\\\/wp-content\\\/uploads\\\/2024\\\/09\\\/france-renov.png\",\"width\":236,\"height\":217},{\"@type\":\"BreadcrumbList\",\"@id\":\"http:\\\/\\\/www.aumes.fr\\\/index.php\\\/urbanisme\\\/#breadcrumb\",\"itemListElement\":[{\"@type\":\"ListItem\",\"position\":1,\"name\":\"Accueil\",\"item\":\"http:\\\/\\\/www.aumes.fr\\\/\"},{\"@type\":\"ListItem\",\"position\":2,\"name\":\"Urbanisme\"}]},{\"@type\":\"WebSite\",\"@id\":\"http:\\\/\\\/www.aumes.fr\\\/#website\",\"url\":\"http:\\\/\\\/www.aumes.fr\\\/\",\"name\":\"Mairie de Aumes\",\"description\":\"Bienvenue sur le site officiel de la Mairie de Aumes, informations et nouvelles du village dominant la vall\u00e9e de l&#039;H\u00e9rault.\",\"publisher\":{\"@id\":\"http:\\\/\\\/www.aumes.fr\\\/#organization\"},\"potentialAction\":[{\"@type\":\"SearchAction\",\"target\":{\"@type\":\"EntryPoint\",\"urlTemplate\":\"http:\\\/\\\/www.aumes.fr\\\/?s={search_term_string}\"},\"query-input\":{\"@type\":\"PropertyValueSpecification\",\"valueRequired\":true,\"valueName\":\"search_term_string\"}}],\"inLanguage\":\"en-US\"},{\"@type\":\"Organization\",\"@id\":\"http:\\\/\\\/www.aumes.fr\\\/#organization\",\"name\":\"Mairie de Aumes\",\"url\":\"http:\\\/\\\/www.aumes.fr\\\/\",\"logo\":{\"@type\":\"ImageObject\",\"inLanguage\":\"en-US\",\"@id\":\"http:\\\/\\\/www.aumes.fr\\\/#\\\/schema\\\/logo\\\/image\\\/\",\"url\":\"https:\\\/\\\/www.aumes.fr\\\/wp-content\\\/uploads\\\/2024\\\/08\\\/cropped-20220624-logo-Aumes.png\",\"contentUrl\":\"https:\\\/\\\/www.aumes.fr\\\/wp-content\\\/uploads\\\/2024\\\/08\\\/cropped-20220624-logo-Aumes.png\",\"width\":436,\"height\":480,\"caption\":\"Mairie de Aumes\"},\"image\":{\"@id\":\"http:\\\/\\\/www.aumes.fr\\\/#\\\/schema\\\/logo\\\/image\\\/\"}}]}<\/script>\n<!-- \/ Yoast SEO plugin. -->","yoast_head_json":{"title":"Urbanisme - Mairie de Aumes","robots":{"index":"index","follow":"follow","max-snippet":"max-snippet:-1","max-image-preview":"max-image-preview:large","max-video-preview":"max-video-preview:-1"},"canonical":"http:\/\/www.aumes.fr\/index.php\/urbanisme\/","og_locale":"en_US","og_type":"article","og_title":"Urbanisme - Mairie de Aumes","og_description":"Urbanisme A partir du 1er\u00a0janvier 2022, toutes les demandes d\u2019autorisation d\u2019urbanisme doivent \u00eatre d\u00e9pos\u00e9es par voie d\u00e9mat\u00e9rialis\u00e9e : permis de construire, permis d\u2019am\u00e9nager, permis de d\u00e9molir, d\u00e9claration pr\u00e9alable de travaux et certificats d\u2019urbanisme. Le lien d\u2019acc\u00e8s au guichet unique\u00a0des autorisations d\u2019urbanisme\u00a0est le suivant :\u00a0https:\/\/gnau.cahm.net Pour d\u00e9poser une demande, il suffit de cr\u00e9er un compte ou [&hellip;]","og_url":"http:\/\/www.aumes.fr\/index.php\/urbanisme\/","og_site_name":"Mairie de Aumes","article_modified_time":"2024-09-10T09:20:39+00:00","og_image":[{"url":"http:\/\/www.aumes.fr\/wp-content\/uploads\/2024\/09\/france-renov.png","type":"","width":"","height":""}],"twitter_card":"summary_large_image","twitter_misc":{"Est. reading time":"2 minutes"},"schema":{"@context":"https:\/\/schema.org","@graph":[{"@type":"WebPage","@id":"http:\/\/www.aumes.fr\/index.php\/urbanisme\/","url":"http:\/\/www.aumes.fr\/index.php\/urbanisme\/","name":"Urbanisme - Mairie de Aumes","isPartOf":{"@id":"http:\/\/www.aumes.fr\/#website"},"primaryImageOfPage":{"@id":"http:\/\/www.aumes.fr\/index.php\/urbanisme\/#primaryimage"},"image":{"@id":"http:\/\/www.aumes.fr\/index.php\/urbanisme\/#primaryimage"},"thumbnailUrl":"http:\/\/www.aumes.fr\/wp-content\/uploads\/2024\/09\/france-renov.png","datePublished":"2024-08-06T12:18:05+00:00","dateModified":"2024-09-10T09:20:39+00:00","breadcrumb":{"@id":"http:\/\/www.aumes.fr\/index.php\/urbanisme\/#breadcrumb"},"inLanguage":"en-US","potentialAction":[{"@type":"ReadAction","target":["http:\/\/www.aumes.fr\/index.php\/urbanisme\/"]}]},{"@type":"ImageObject","inLanguage":"en-US","@id":"http:\/\/www.aumes.fr\/index.php\/urbanisme\/#primaryimage","url":"https:\/\/www.aumes.fr\/wp-content\/uploads\/2024\/09\/france-renov.png","contentUrl":"https:\/\/www.aumes.fr\/wp-content\/uploads\/2024\/09\/france-renov.png","width":236,"height":217},{"@type":"BreadcrumbList","@id":"http:\/\/www.aumes.fr\/index.php\/urbanisme\/#breadcrumb","itemListElement":[{"@type":"ListItem","position":1,"name":"Accueil","item":"http:\/\/www.aumes.fr\/"},{"@type":"ListItem","position":2,"name":"Urbanisme"}]},{"@type":"WebSite","@id":"http:\/\/www.aumes.fr\/#website","url":"http:\/\/www.aumes.fr\/","name":"Mairie de Aumes","description":"Bienvenue sur le site officiel de la Mairie de Aumes, informations et nouvelles du village dominant la vall\u00e9e de l&#039;H\u00e9rault.","publisher":{"@id":"http:\/\/www.aumes.fr\/#organization"},"potentialAction":[{"@type":"SearchAction","target":{"@type":"EntryPoint","urlTemplate":"http:\/\/www.aumes.fr\/?s={search_term_string}"},"query-input":{"@type":"PropertyValueSpecification","valueRequired":true,"valueName":"search_term_string"}}],"inLanguage":"en-US"},{"@type":"Organization","@id":"http:\/\/www.aumes.fr\/#organization","name":"Mairie de Aumes","url":"http:\/\/www.aumes.fr\/","logo":{"@type":"ImageObject","inLanguage":"en-US","@id":"http:\/\/www.aumes.fr\/#\/schema\/logo\/image\/","url":"https:\/\/www.aumes.fr\/wp-content\/uploads\/2024\/08\/cropped-20220624-logo-Aumes.png","contentUrl":"https:\/\/www.aumes.fr\/wp-content\/uploads\/2024\/08\/cropped-20220624-logo-Aumes.png","width":436,"height":480,"caption":"Mairie de Aumes"},"image":{"@id":"http:\/\/www.aumes.fr\/#\/schema\/logo\/image\/"}}]}},"_links":{"self":[{"href":"https:\/\/www.aumes.fr\/index.php\/wp-json\/wp\/v2\/pages\/1122","targetHints":{"allow":["GET"]}}],"collection":[{"href":"https:\/\/www.aumes.fr\/index.php\/wp-json\/wp\/v2\/pages"}],"about":[{"href":"https:\/\/www.aumes.fr\/index.php\/wp-json\/wp\/v2\/types\/page"}],"author":[{"embeddable":true,"href":"https:\/\/www.aumes.fr\/index.php\/wp-json\/wp\/v2\/users\/1"}],"replies":[{"embeddable":true,"href":"https:\/\/www.aumes.fr\/index.php\/wp-json\/wp\/v2\/comments?post=1122"}],"version-history":[{"count":22,"href":"https:\/\/www.aumes.fr\/index.php\/wp-json\/wp\/v2\/pages\/1122\/revisions"}],"predecessor-version":[{"id":1859,"href":"https:\/\/www.aumes.fr\/index.php\/wp-json\/wp\/v2\/pages\/1122\/revisions\/1859"}],"wp:attachment":[{"href":"https:\/\/www.aumes.fr\/index.php\/wp-json\/wp\/v2\/media?parent=1122"}],"curies":[{"name":"wp","href":"https:\/\/api.w.org\/{rel}","templated":true}]}}