{"id":1127,"date":"2024-08-06T14:18:30","date_gmt":"2024-08-06T12:18:30","guid":{"rendered":"https:\/\/www.aumes.fr\/?page_id=1127"},"modified":"2024-08-07T18:11:54","modified_gmt":"2024-08-07T16:11:54","slug":"voirie","status":"publish","type":"page","link":"https:\/\/www.aumes.fr\/index.php\/voirie\/","title":{"rendered":"Voirie"},"content":{"rendered":"\t\t<div data-elementor-type=\"wp-page\" data-elementor-id=\"1127\" class=\"elementor elementor-1127\">\n\t\t\t\t<div class=\"elementor-element elementor-element-11c027e e-flex e-con-boxed e-con e-parent\" data-id=\"11c027e\" data-element_type=\"container\" data-e-type=\"container\">\n\t\t\t\t\t<div class=\"e-con-inner\">\n\t\t\t\t<div class=\"elementor-element elementor-element-d551afa elementor-widget elementor-widget-spacer\" data-id=\"d551afa\" data-element_type=\"widget\" data-e-type=\"widget\" data-widget_type=\"spacer.default\">\n\t\t\t\t<div class=\"elementor-widget-container\">\n\t\t\t\t\t\t\t<div class=\"elementor-spacer\">\n\t\t\t<div class=\"elementor-spacer-inner\"><\/div>\n\t\t<\/div>\n\t\t\t\t\t\t<\/div>\n\t\t\t\t<\/div>\n\t\t\t\t<div class=\"elementor-element elementor-element-5edfb67 elementor-widget elementor-widget-heading\" data-id=\"5edfb67\" data-element_type=\"widget\" data-e-type=\"widget\" data-widget_type=\"heading.default\">\n\t\t\t\t<div class=\"elementor-widget-container\">\n\t\t\t\t\t<h2 class=\"elementor-heading-title elementor-size-default\">Arr\u00eat\u00e9 de voirie<\/h2>\t\t\t\t<\/div>\n\t\t\t\t<\/div>\n\t\t\t\t<div class=\"elementor-element elementor-element-cd59bf5 elementor-widget elementor-widget-spacer\" data-id=\"cd59bf5\" data-element_type=\"widget\" data-e-type=\"widget\" data-widget_type=\"spacer.default\">\n\t\t\t\t<div class=\"elementor-widget-container\">\n\t\t\t\t\t\t\t<div class=\"elementor-spacer\">\n\t\t\t<div class=\"elementor-spacer-inner\"><\/div>\n\t\t<\/div>\n\t\t\t\t\t\t<\/div>\n\t\t\t\t<\/div>\n\t\t\t\t<div class=\"elementor-element elementor-element-e60cb3c elementor-widget elementor-widget-text-editor\" data-id=\"e60cb3c\" data-element_type=\"widget\" data-e-type=\"widget\" data-widget_type=\"text-editor.default\">\n\t\t\t\t<div class=\"elementor-widget-container\">\n\t\t\t\t\t\t\t\t\t<p>L\u2019arr\u00eat\u00e9 de voirie est \u00e0 d\u00e9poser sous un d\u00e9lai de 15 jours ouvr\u00e9s avant le d\u00e9but des travaux ou du d\u00e9m\u00e9nagement.<\/p><p>Document \u00e0 remplir et \u00e0 renvoyer par mail \u00e0 la mairie: <span style=\"color: #0000ff;\">secretariat@aumes.fr<\/span><\/p>\t\t\t\t\t\t\t\t<\/div>\n\t\t\t\t<\/div>\n\t\t\t\t<div class=\"elementor-element elementor-element-842dc02 elementor-align-center elementor-button-info elementor-widget elementor-widget-button\" data-id=\"842dc02\" data-element_type=\"widget\" data-e-type=\"widget\" data-widget_type=\"button.default\">\n\t\t\t\t<div class=\"elementor-widget-container\">\n\t\t\t\t\t\t\t\t\t<div class=\"elementor-button-wrapper\">\n\t\t\t\t\t<a class=\"elementor-button elementor-button-link elementor-size-sm\" href=\"http:\/\/www.aumes.fr\/wp-content\/uploads\/2024\/08\/MODELE-Permission-de-voirie.pdf\" target=\"_blank\">\n\t\t\t\t\t\t<span class=\"elementor-button-content-wrapper\">\n\t\t\t\t\t\t\t\t\t<span class=\"elementor-button-text\">T\u00e9l\u00e9chargez ici la demande<\/span>\n\t\t\t\t\t<\/span>\n\t\t\t\t\t<\/a>\n\t\t\t\t<\/div>\n\t\t\t\t\t\t\t\t<\/div>\n\t\t\t\t<\/div>\n\t\t\t\t<div class=\"elementor-element elementor-element-1e691d6 elementor-widget elementor-widget-spacer\" data-id=\"1e691d6\" data-element_type=\"widget\" data-e-type=\"widget\" data-widget_type=\"spacer.default\">\n\t\t\t\t<div class=\"elementor-widget-container\">\n\t\t\t\t\t\t\t<div class=\"elementor-spacer\">\n\t\t\t<div class=\"elementor-spacer-inner\"><\/div>\n\t\t<\/div>\n\t\t\t\t\t\t<\/div>\n\t\t\t\t<\/div>\n\t\t\t\t\t<\/div>\n\t\t\t\t<\/div>\n\t\t\t\t<\/div>\n\t\t","protected":false},"excerpt":{"rendered":"<p>Arr\u00eat\u00e9 de voirie L\u2019arr\u00eat\u00e9 de voirie est \u00e0 d\u00e9poser sous un d\u00e9lai de 15 jours ouvr\u00e9s avant le d\u00e9but des travaux ou du d\u00e9m\u00e9nagement. Document \u00e0 remplir et \u00e0 renvoyer par mail \u00e0 la mairie: secretariat@aumes.fr T\u00e9l\u00e9chargez ici la demande<\/p>\n","protected":false},"author":1,"featured_media":0,"parent":0,"menu_order":0,"comment_status":"closed","ping_status":"closed","template":"","meta":{"ocean_post_layout":"","ocean_both_sidebars_style":"","ocean_both_sidebars_content_width":0,"ocean_both_sidebars_sidebars_width":0,"ocean_sidebar":"","ocean_second_sidebar":"","ocean_disable_margins":"enable","ocean_add_body_class":"","ocean_shortcode_before_top_bar":"","ocean_shortcode_after_top_bar":"","ocean_shortcode_before_header":"","ocean_shortcode_after_header":"","ocean_has_shortcode":"","ocean_shortcode_after_title":"","ocean_shortcode_before_footer_widgets":"","ocean_shortcode_after_footer_widgets":"","ocean_shortcode_before_footer_bottom":"","ocean_shortcode_after_footer_bottom":"","ocean_display_top_bar":"default","ocean_display_header":"default","ocean_header_style":"","ocean_center_header_left_menu":"","ocean_custom_header_template":"","ocean_custom_logo":0,"ocean_custom_retina_logo":0,"ocean_custom_logo_max_width":0,"ocean_custom_logo_tablet_max_width":0,"ocean_custom_logo_mobile_max_width":0,"ocean_custom_logo_max_height":0,"ocean_custom_logo_tablet_max_height":0,"ocean_custom_logo_mobile_max_height":0,"ocean_header_custom_menu":"","ocean_menu_typo_font_family":"","ocean_menu_typo_font_subset":"","ocean_menu_typo_font_size":0,"ocean_menu_typo_font_size_tablet":0,"ocean_menu_typo_font_size_mobile":0,"ocean_menu_typo_font_size_unit":"px","ocean_menu_typo_font_weight":"","ocean_menu_typo_font_weight_tablet":"","ocean_menu_typo_font_weight_mobile":"","ocean_menu_typo_transform":"","ocean_menu_typo_transform_tablet":"","ocean_menu_typo_transform_mobile":"","ocean_menu_typo_line_height":0,"ocean_menu_typo_line_height_tablet":0,"ocean_menu_typo_line_height_mobile":0,"ocean_menu_typo_line_height_unit":"","ocean_menu_typo_spacing":0,"ocean_menu_typo_spacing_tablet":0,"ocean_menu_typo_spacing_mobile":0,"ocean_menu_typo_spacing_unit":"","ocean_menu_link_color":"","ocean_menu_link_color_hover":"","ocean_menu_link_color_active":"","ocean_menu_link_background":"","ocean_menu_link_hover_background":"","ocean_menu_link_active_background":"","ocean_menu_social_links_bg":"","ocean_menu_social_hover_links_bg":"","ocean_menu_social_links_color":"","ocean_menu_social_hover_links_color":"","ocean_disable_title":"default","ocean_disable_heading":"default","ocean_post_title":"","ocean_post_subheading":"","ocean_post_title_style":"","ocean_post_title_background_color":"","ocean_post_title_background":0,"ocean_post_title_bg_image_position":"","ocean_post_title_bg_image_attachment":"","ocean_post_title_bg_image_repeat":"","ocean_post_title_bg_image_size":"","ocean_post_title_height":0,"ocean_post_title_bg_overlay":0.5,"ocean_post_title_bg_overlay_color":"","ocean_disable_breadcrumbs":"default","ocean_breadcrumbs_color":"","ocean_breadcrumbs_separator_color":"","ocean_breadcrumbs_links_color":"","ocean_breadcrumbs_links_hover_color":"","ocean_display_footer_widgets":"default","ocean_display_footer_bottom":"default","ocean_custom_footer_template":"","footnotes":""},"class_list":["post-1127","page","type-page","status-publish","hentry","entry"],"yoast_head":"<!-- This site is optimized with the Yoast SEO plugin v27.4 - https:\/\/yoast.com\/product\/yoast-seo-wordpress\/ -->\n<title>Voirie - Mairie de Aumes<\/title>\n<meta name=\"robots\" content=\"index, follow, max-snippet:-1, max-image-preview:large, max-video-preview:-1\" \/>\n<link rel=\"canonical\" href=\"http:\/\/www.aumes.fr\/index.php\/voirie\/\" \/>\n<meta property=\"og:locale\" content=\"en_US\" \/>\n<meta property=\"og:type\" content=\"article\" \/>\n<meta property=\"og:title\" content=\"Voirie - Mairie de Aumes\" \/>\n<meta property=\"og:description\" content=\"Arr\u00eat\u00e9 de voirie L\u2019arr\u00eat\u00e9 de voirie est \u00e0 d\u00e9poser sous un d\u00e9lai de 15 jours ouvr\u00e9s avant le d\u00e9but des travaux ou du d\u00e9m\u00e9nagement. Document \u00e0 remplir et \u00e0 renvoyer par mail \u00e0 la mairie: secretariat@aumes.fr T\u00e9l\u00e9chargez ici la demande\" \/>\n<meta property=\"og:url\" content=\"http:\/\/www.aumes.fr\/index.php\/voirie\/\" \/>\n<meta property=\"og:site_name\" content=\"Mairie de Aumes\" \/>\n<meta property=\"article:modified_time\" content=\"2024-08-07T16:11:54+00:00\" \/>\n<meta name=\"twitter:card\" content=\"summary_large_image\" \/>\n<meta name=\"twitter:label1\" content=\"Est. reading time\" \/>\n\t<meta name=\"twitter:data1\" content=\"1 minute\" \/>\n<script type=\"application\/ld+json\" class=\"yoast-schema-graph\">{\"@context\":\"https:\\\/\\\/schema.org\",\"@graph\":[{\"@type\":\"WebPage\",\"@id\":\"http:\\\/\\\/www.aumes.fr\\\/index.php\\\/voirie\\\/\",\"url\":\"http:\\\/\\\/www.aumes.fr\\\/index.php\\\/voirie\\\/\",\"name\":\"Voirie - Mairie de Aumes\",\"isPartOf\":{\"@id\":\"http:\\\/\\\/www.aumes.fr\\\/#website\"},\"datePublished\":\"2024-08-06T12:18:30+00:00\",\"dateModified\":\"2024-08-07T16:11:54+00:00\",\"breadcrumb\":{\"@id\":\"http:\\\/\\\/www.aumes.fr\\\/index.php\\\/voirie\\\/#breadcrumb\"},\"inLanguage\":\"en-US\",\"potentialAction\":[{\"@type\":\"ReadAction\",\"target\":[\"http:\\\/\\\/www.aumes.fr\\\/index.php\\\/voirie\\\/\"]}]},{\"@type\":\"BreadcrumbList\",\"@id\":\"http:\\\/\\\/www.aumes.fr\\\/index.php\\\/voirie\\\/#breadcrumb\",\"itemListElement\":[{\"@type\":\"ListItem\",\"position\":1,\"name\":\"Accueil\",\"item\":\"https:\\\/\\\/www.aumes.fr\\\/\"},{\"@type\":\"ListItem\",\"position\":2,\"name\":\"Voirie\"}]},{\"@type\":\"WebSite\",\"@id\":\"http:\\\/\\\/www.aumes.fr\\\/#website\",\"url\":\"http:\\\/\\\/www.aumes.fr\\\/\",\"name\":\"Mairie de Aumes\",\"description\":\"Bienvenue sur le site officiel de la Mairie de Aumes, informations et nouvelles du village dominant la vall\u00e9e de l&#039;H\u00e9rault.\",\"publisher\":{\"@id\":\"http:\\\/\\\/www.aumes.fr\\\/#organization\"},\"potentialAction\":[{\"@type\":\"SearchAction\",\"target\":{\"@type\":\"EntryPoint\",\"urlTemplate\":\"http:\\\/\\\/www.aumes.fr\\\/?s={search_term_string}\"},\"query-input\":{\"@type\":\"PropertyValueSpecification\",\"valueRequired\":true,\"valueName\":\"search_term_string\"}}],\"inLanguage\":\"en-US\"},{\"@type\":\"Organization\",\"@id\":\"http:\\\/\\\/www.aumes.fr\\\/#organization\",\"name\":\"Mairie de Aumes\",\"url\":\"http:\\\/\\\/www.aumes.fr\\\/\",\"logo\":{\"@type\":\"ImageObject\",\"inLanguage\":\"en-US\",\"@id\":\"http:\\\/\\\/www.aumes.fr\\\/#\\\/schema\\\/logo\\\/image\\\/\",\"url\":\"https:\\\/\\\/www.aumes.fr\\\/wp-content\\\/uploads\\\/2024\\\/08\\\/cropped-20220624-logo-Aumes.png\",\"contentUrl\":\"https:\\\/\\\/www.aumes.fr\\\/wp-content\\\/uploads\\\/2024\\\/08\\\/cropped-20220624-logo-Aumes.png\",\"width\":436,\"height\":480,\"caption\":\"Mairie de Aumes\"},\"image\":{\"@id\":\"http:\\\/\\\/www.aumes.fr\\\/#\\\/schema\\\/logo\\\/image\\\/\"}}]}<\/script>\n<!-- \/ Yoast SEO plugin. -->","yoast_head_json":{"title":"Voirie - Mairie de Aumes","robots":{"index":"index","follow":"follow","max-snippet":"max-snippet:-1","max-image-preview":"max-image-preview:large","max-video-preview":"max-video-preview:-1"},"canonical":"http:\/\/www.aumes.fr\/index.php\/voirie\/","og_locale":"en_US","og_type":"article","og_title":"Voirie - Mairie de Aumes","og_description":"Arr\u00eat\u00e9 de voirie L\u2019arr\u00eat\u00e9 de voirie est \u00e0 d\u00e9poser sous un d\u00e9lai de 15 jours ouvr\u00e9s avant le d\u00e9but des travaux ou du d\u00e9m\u00e9nagement. Document \u00e0 remplir et \u00e0 renvoyer par mail \u00e0 la mairie: secretariat@aumes.fr T\u00e9l\u00e9chargez ici la demande","og_url":"http:\/\/www.aumes.fr\/index.php\/voirie\/","og_site_name":"Mairie de Aumes","article_modified_time":"2024-08-07T16:11:54+00:00","twitter_card":"summary_large_image","twitter_misc":{"Est. reading time":"1 minute"},"schema":{"@context":"https:\/\/schema.org","@graph":[{"@type":"WebPage","@id":"http:\/\/www.aumes.fr\/index.php\/voirie\/","url":"http:\/\/www.aumes.fr\/index.php\/voirie\/","name":"Voirie - Mairie de Aumes","isPartOf":{"@id":"http:\/\/www.aumes.fr\/#website"},"datePublished":"2024-08-06T12:18:30+00:00","dateModified":"2024-08-07T16:11:54+00:00","breadcrumb":{"@id":"http:\/\/www.aumes.fr\/index.php\/voirie\/#breadcrumb"},"inLanguage":"en-US","potentialAction":[{"@type":"ReadAction","target":["http:\/\/www.aumes.fr\/index.php\/voirie\/"]}]},{"@type":"BreadcrumbList","@id":"http:\/\/www.aumes.fr\/index.php\/voirie\/#breadcrumb","itemListElement":[{"@type":"ListItem","position":1,"name":"Accueil","item":"https:\/\/www.aumes.fr\/"},{"@type":"ListItem","position":2,"name":"Voirie"}]},{"@type":"WebSite","@id":"http:\/\/www.aumes.fr\/#website","url":"http:\/\/www.aumes.fr\/","name":"Mairie de Aumes","description":"Bienvenue sur le site officiel de la Mairie de Aumes, informations et nouvelles du village dominant la vall\u00e9e de l&#039;H\u00e9rault.","publisher":{"@id":"http:\/\/www.aumes.fr\/#organization"},"potentialAction":[{"@type":"SearchAction","target":{"@type":"EntryPoint","urlTemplate":"http:\/\/www.aumes.fr\/?s={search_term_string}"},"query-input":{"@type":"PropertyValueSpecification","valueRequired":true,"valueName":"search_term_string"}}],"inLanguage":"en-US"},{"@type":"Organization","@id":"http:\/\/www.aumes.fr\/#organization","name":"Mairie de Aumes","url":"http:\/\/www.aumes.fr\/","logo":{"@type":"ImageObject","inLanguage":"en-US","@id":"http:\/\/www.aumes.fr\/#\/schema\/logo\/image\/","url":"https:\/\/www.aumes.fr\/wp-content\/uploads\/2024\/08\/cropped-20220624-logo-Aumes.png","contentUrl":"https:\/\/www.aumes.fr\/wp-content\/uploads\/2024\/08\/cropped-20220624-logo-Aumes.png","width":436,"height":480,"caption":"Mairie de Aumes"},"image":{"@id":"http:\/\/www.aumes.fr\/#\/schema\/logo\/image\/"}}]}},"_links":{"self":[{"href":"https:\/\/www.aumes.fr\/index.php\/wp-json\/wp\/v2\/pages\/1127","targetHints":{"allow":["GET"]}}],"collection":[{"href":"https:\/\/www.aumes.fr\/index.php\/wp-json\/wp\/v2\/pages"}],"about":[{"href":"https:\/\/www.aumes.fr\/index.php\/wp-json\/wp\/v2\/types\/page"}],"author":[{"embeddable":true,"href":"https:\/\/www.aumes.fr\/index.php\/wp-json\/wp\/v2\/users\/1"}],"replies":[{"embeddable":true,"href":"https:\/\/www.aumes.fr\/index.php\/wp-json\/wp\/v2\/comments?post=1127"}],"version-history":[{"count":34,"href":"https:\/\/www.aumes.fr\/index.php\/wp-json\/wp\/v2\/pages\/1127\/revisions"}],"predecessor-version":[{"id":1618,"href":"https:\/\/www.aumes.fr\/index.php\/wp-json\/wp\/v2\/pages\/1127\/revisions\/1618"}],"wp:attachment":[{"href":"https:\/\/www.aumes.fr\/index.php\/wp-json\/wp\/v2\/media?parent=1127"}],"curies":[{"name":"wp","href":"https:\/\/api.w.org\/{rel}","templated":true}]}}