{"id":1132,"date":"2024-08-06T14:18:59","date_gmt":"2024-08-06T12:18:59","guid":{"rendered":"https:\/\/www.aumes.fr\/?page_id=1132"},"modified":"2024-08-08T08:34:23","modified_gmt":"2024-08-08T06:34:23","slug":"nouveaux-arrivants","status":"publish","type":"page","link":"https:\/\/www.aumes.fr\/index.php\/nouveaux-arrivants\/","title":{"rendered":"Nouveaux arrivants"},"content":{"rendered":"\t\t<div data-elementor-type=\"wp-page\" data-elementor-id=\"1132\" class=\"elementor elementor-1132\">\n\t\t\t\t<div class=\"elementor-element elementor-element-091124e e-flex e-con-boxed e-con e-parent\" data-id=\"091124e\" data-element_type=\"container\" data-e-type=\"container\">\n\t\t\t\t\t<div class=\"e-con-inner\">\n\t\t\t\t<div class=\"elementor-element elementor-element-b45be92 elementor-widget elementor-widget-spacer\" data-id=\"b45be92\" data-element_type=\"widget\" data-e-type=\"widget\" data-widget_type=\"spacer.default\">\n\t\t\t\t<div class=\"elementor-widget-container\">\n\t\t\t\t\t\t\t<div class=\"elementor-spacer\">\n\t\t\t<div class=\"elementor-spacer-inner\"><\/div>\n\t\t<\/div>\n\t\t\t\t\t\t<\/div>\n\t\t\t\t<\/div>\n\t\t\t\t<div class=\"elementor-element elementor-element-8d3cc4c elementor-widget elementor-widget-heading\" data-id=\"8d3cc4c\" data-element_type=\"widget\" data-e-type=\"widget\" data-widget_type=\"heading.default\">\n\t\t\t\t<div class=\"elementor-widget-container\">\n\t\t\t\t\t<h2 class=\"elementor-heading-title elementor-size-default\">Nouveaux arrivants<\/h2>\t\t\t\t<\/div>\n\t\t\t\t<\/div>\n\t\t\t\t<div class=\"elementor-element elementor-element-2f0164b elementor-widget elementor-widget-spacer\" data-id=\"2f0164b\" data-element_type=\"widget\" data-e-type=\"widget\" data-widget_type=\"spacer.default\">\n\t\t\t\t<div class=\"elementor-widget-container\">\n\t\t\t\t\t\t\t<div class=\"elementor-spacer\">\n\t\t\t<div class=\"elementor-spacer-inner\"><\/div>\n\t\t<\/div>\n\t\t\t\t\t\t<\/div>\n\t\t\t\t<\/div>\n\t\t\t\t\t<\/div>\n\t\t\t\t<\/div>\n\t\t<div class=\"elementor-element elementor-element-71b9696 e-flex e-con-boxed e-con e-parent\" data-id=\"71b9696\" data-element_type=\"container\" data-e-type=\"container\">\n\t\t\t\t\t<div class=\"e-con-inner\">\n\t\t\t\t<div class=\"elementor-element elementor-element-db5e362 elementor-widget elementor-widget-text-editor\" data-id=\"db5e362\" data-element_type=\"widget\" data-e-type=\"widget\" data-widget_type=\"text-editor.default\">\n\t\t\t\t<div class=\"elementor-widget-container\">\n\t\t\t\t\t\t\t\t\t<p>Tout d&#8217;abord, Bienvenue \u00e0 vous !&nbsp;<\/p>\n<p>En choisissant Aumes, vous avez fait le choix d&#8217;un cadre de vie agr\u00e9able, conviviale et proche de la nature. Pour vous aider, nous avons souhait\u00e9 regrouper ci-dessous une liste non exhaustive de d\u00e9marches administratives qui vous incombent lorsque l&#8217;on d\u00e9m\u00e9nage.<\/p>\n<p>Vous devez informer :&nbsp;<\/p>\n<p><\/p>\t\t\t\t\t\t\t\t<\/div>\n\t\t\t\t<\/div>\n\t\t\t\t\t<\/div>\n\t\t\t\t<\/div>\n\t\t<div class=\"elementor-element elementor-element-9178323 e-flex e-con-boxed e-con e-parent\" data-id=\"9178323\" data-element_type=\"container\" data-e-type=\"container\">\n\t\t\t\t\t<div class=\"e-con-inner\">\n\t\t<div class=\"elementor-element elementor-element-5b51ddc e-con-full e-flex e-con e-child\" data-id=\"5b51ddc\" data-element_type=\"container\" data-e-type=\"container\">\n\t\t\t\t<div class=\"elementor-element elementor-element-76a7f6f elementor-widget elementor-widget-text-editor\" data-id=\"76a7f6f\" data-element_type=\"widget\" data-e-type=\"widget\" data-widget_type=\"text-editor.default\">\n\t\t\t\t<div class=\"elementor-widget-container\">\n\t\t\t\t\t\t\t\t\t<p>* Votre fournisseur d\u2019acc\u00e8s Internet<br>* Votre fournisseur de Gaz \/ Electricit\u00e9 \/ Eau<br>* Vos abonnements divers (t\u00e9l\u00e9phone, journaux, etc.)<br>* Faire mon suivi de courrier<br>* Inscriptions scolaires<br>* Garde d\u2019enfants<br>* Le service des imp\u00f4ts<\/p>\t\t\t\t\t\t\t\t<\/div>\n\t\t\t\t<\/div>\n\t\t\t\t<\/div>\n\t\t<div class=\"elementor-element elementor-element-e6bde85 e-con-full e-flex e-con e-child\" data-id=\"e6bde85\" data-element_type=\"container\" data-e-type=\"container\">\n\t\t\t\t<div class=\"elementor-element elementor-element-33d3e3b elementor-widget elementor-widget-text-editor\" data-id=\"33d3e3b\" data-element_type=\"widget\" data-e-type=\"widget\" data-widget_type=\"text-editor.default\">\n\t\t\t\t<div class=\"elementor-widget-container\">\n\t\t\t\t\t\t\t\t\t<p>* Votre Banque<br \/>* Vos assurances (auto, habitation, vie)<br \/>* Votre employeur<br \/>* P\u00f4le Emploi<br \/>* CAF<br \/>* Caisse de retraite<br \/>* Ma mutuelle<br \/>* S\u00e9curit\u00e9 Sociale<\/p>\t\t\t\t\t\t\t\t<\/div>\n\t\t\t\t<\/div>\n\t\t\t\t<\/div>\n\t\t\t\t\t<\/div>\n\t\t\t\t<\/div>\n\t\t<div class=\"elementor-element elementor-element-845401f e-flex e-con-boxed e-con e-parent\" data-id=\"845401f\" data-element_type=\"container\" data-e-type=\"container\">\n\t\t\t\t\t<div class=\"e-con-inner\">\n\t\t\t\t<div class=\"elementor-element elementor-element-ab22cbc elementor-widget elementor-widget-text-editor\" data-id=\"ab22cbc\" data-element_type=\"widget\" data-e-type=\"widget\" data-widget_type=\"text-editor.default\">\n\t\t\t\t<div class=\"elementor-widget-container\">\n\t\t\t\t\t\t\t\t\t<p><u>Ne pas oublier :<\/u><\/p><p>&#8211; De trouver un nouveau m\u00e9decin traitant et le d\u00e9clarer \u00e0 la S\u00e9curit\u00e9 Sociale.\u00a0<\/p><p>&#8211; La carte grise des v\u00e9hicules doit toujours mentionner la r\u00e9sidence actuelle du propri\u00e9taire. Vous devez donc faire modifier votre carte grise \u00e0 la Sous-Pr\u00e9fecture de votre nouveau domicile.<\/p><p>&#8211; Si vous \u00eates titulaire d\u2019une carte de s\u00e9jour, celle-ci doit \u00eatre renouvel\u00e9e dans les huit jours suivant votre arriv\u00e9e aupr\u00e8s de la Pr\u00e9fecture.\u00a0<\/p><p>&#8211; Vous pouvez demander la modification de l&#8217;adresse port\u00e9e sur votre carte d&#8217;identit\u00e9, votre permis de conduire ou votre passeport. Mais ce n&#8217;est pas une obligation l\u00e9gale.\u00a0<\/p><p>&#8211; Communiquez votre nouvelle adresse au centre des imp\u00f4ts de votre ancien domicile.\u00a0<\/p><p>&#8211; Vous pouvez choisir de faire suivre votre courrier pour une p\u00e9riode de 6 ou 12 mois, pour une seule personne ou toute la famille. Le service de suivi de courrier de La Poste est d\u00e9sormais accessible sur Internet, <a href=\"https:\/\/www.laposte.fr\/garde-courrier-reexpedition-temporaire\" target=\"_blank\" rel=\"noopener\"><span style=\"color: #0000ff;\">cliquer ici\u00a0<\/span><\/a><\/p><p>\u00a0<\/p>\t\t\t\t\t\t\t\t<\/div>\n\t\t\t\t<\/div>\n\t\t\t\t\t<\/div>\n\t\t\t\t<\/div>\n\t\t<div class=\"elementor-element elementor-element-3d7049f e-flex e-con-boxed e-con e-parent\" data-id=\"3d7049f\" data-element_type=\"container\" data-e-type=\"container\">\n\t\t\t\t\t<div class=\"e-con-inner\">\n\t\t<div class=\"elementor-element elementor-element-a9d2b7c e-con-full e-flex e-con e-child\" data-id=\"a9d2b7c\" data-element_type=\"container\" data-e-type=\"container\">\n\t\t\t\t<div class=\"elementor-element elementor-element-9163741 elementor-widget elementor-widget-text-editor\" data-id=\"9163741\" data-element_type=\"widget\" data-e-type=\"widget\" data-widget_type=\"text-editor.default\">\n\t\t\t\t<div class=\"elementor-widget-container\">\n\t\t\t\t\t\t\t\t\t<p><strong>T\u00e9l\u00e9charger d\u00e8s \u00e0 pr\u00e9sent l&#8217;<a href=\"https:\/\/app.panneaupocket.com\/\" target=\"_blank\" rel=\"noopener\">application Panneau Pocket<\/a> pour retrouver toutes les actualit\u00e9s de la commune.<\/strong><\/p>\t\t\t\t\t\t\t\t<\/div>\n\t\t\t\t<\/div>\n\t\t\t\t<\/div>\n\t\t<div class=\"elementor-element elementor-element-0d92ab3 e-con-full e-flex e-con e-child\" data-id=\"0d92ab3\" data-element_type=\"container\" data-e-type=\"container\">\n\t\t\t\t<div class=\"elementor-element elementor-element-2a662b6 elementor-widget elementor-widget-image\" data-id=\"2a662b6\" data-element_type=\"widget\" data-e-type=\"widget\" data-widget_type=\"image.default\">\n\t\t\t\t<div class=\"elementor-widget-container\">\n\t\t\t\t\t\t\t\t\t\t\t\t\t\t\t\t<a href=\"https:\/\/app.panneaupocket.com\/\" target=\"_blank\">\n\t\t\t\t\t\t\t<img fetchpriority=\"high\" decoding=\"async\" width=\"300\" height=\"300\" src=\"https:\/\/www.aumes.fr\/wp-content\/uploads\/2024\/08\/qr-code-panneau-pocket-300x300.png\" class=\"attachment-medium size-medium wp-image-1643\" alt=\"\" srcset=\"https:\/\/www.aumes.fr\/wp-content\/uploads\/2024\/08\/qr-code-panneau-pocket-300x300.png 300w, https:\/\/www.aumes.fr\/wp-content\/uploads\/2024\/08\/qr-code-panneau-pocket-150x150.png 150w, https:\/\/www.aumes.fr\/wp-content\/uploads\/2024\/08\/qr-code-panneau-pocket.png 322w\" sizes=\"(max-width: 300px) 100vw, 300px\" \/>\t\t\t\t\t\t\t\t<\/a>\n\t\t\t\t\t\t\t\t\t\t\t\t\t\t\t<\/div>\n\t\t\t\t<\/div>\n\t\t\t\t<\/div>\n\t\t\t\t\t<\/div>\n\t\t\t\t<\/div>\n\t\t<div class=\"elementor-element elementor-element-a9702f7 e-flex e-con-boxed e-con e-parent\" data-id=\"a9702f7\" data-element_type=\"container\" data-e-type=\"container\">\n\t\t\t\t\t<div class=\"e-con-inner\">\n\t\t\t\t<div class=\"elementor-element elementor-element-e7ffb87 elementor-widget elementor-widget-spacer\" data-id=\"e7ffb87\" data-element_type=\"widget\" data-e-type=\"widget\" data-widget_type=\"spacer.default\">\n\t\t\t\t<div class=\"elementor-widget-container\">\n\t\t\t\t\t\t\t<div class=\"elementor-spacer\">\n\t\t\t<div class=\"elementor-spacer-inner\"><\/div>\n\t\t<\/div>\n\t\t\t\t\t\t<\/div>\n\t\t\t\t<\/div>\n\t\t\t\t\t<\/div>\n\t\t\t\t<\/div>\n\t\t\t\t<\/div>\n\t\t","protected":false},"excerpt":{"rendered":"<p>Nouveaux arrivants Tout d&#8217;abord, Bienvenue \u00e0 vous !&nbsp; En choisissant Aumes, vous avez fait le choix d&#8217;un cadre de vie agr\u00e9able, conviviale et proche de la nature. Pour vous aider, nous avons souhait\u00e9 regrouper ci-dessous une liste non exhaustive de d\u00e9marches administratives qui vous incombent lorsque l&#8217;on d\u00e9m\u00e9nage. Vous devez informer :&nbsp; * Votre fournisseur [&hellip;]<\/p>\n","protected":false},"author":1,"featured_media":0,"parent":0,"menu_order":0,"comment_status":"closed","ping_status":"closed","template":"","meta":{"ocean_post_layout":"","ocean_both_sidebars_style":"","ocean_both_sidebars_content_width":0,"ocean_both_sidebars_sidebars_width":0,"ocean_sidebar":"","ocean_second_sidebar":"","ocean_disable_margins":"enable","ocean_add_body_class":"","ocean_shortcode_before_top_bar":"","ocean_shortcode_after_top_bar":"","ocean_shortcode_before_header":"","ocean_shortcode_after_header":"","ocean_has_shortcode":"","ocean_shortcode_after_title":"","ocean_shortcode_before_footer_widgets":"","ocean_shortcode_after_footer_widgets":"","ocean_shortcode_before_footer_bottom":"","ocean_shortcode_after_footer_bottom":"","ocean_display_top_bar":"default","ocean_display_header":"default","ocean_header_style":"","ocean_center_header_left_menu":"","ocean_custom_header_template":"","ocean_custom_logo":0,"ocean_custom_retina_logo":0,"ocean_custom_logo_max_width":0,"ocean_custom_logo_tablet_max_width":0,"ocean_custom_logo_mobile_max_width":0,"ocean_custom_logo_max_height":0,"ocean_custom_logo_tablet_max_height":0,"ocean_custom_logo_mobile_max_height":0,"ocean_header_custom_menu":"","ocean_menu_typo_font_family":"","ocean_menu_typo_font_subset":"","ocean_menu_typo_font_size":0,"ocean_menu_typo_font_size_tablet":0,"ocean_menu_typo_font_size_mobile":0,"ocean_menu_typo_font_size_unit":"px","ocean_menu_typo_font_weight":"","ocean_menu_typo_font_weight_tablet":"","ocean_menu_typo_font_weight_mobile":"","ocean_menu_typo_transform":"","ocean_menu_typo_transform_tablet":"","ocean_menu_typo_transform_mobile":"","ocean_menu_typo_line_height":0,"ocean_menu_typo_line_height_tablet":0,"ocean_menu_typo_line_height_mobile":0,"ocean_menu_typo_line_height_unit":"","ocean_menu_typo_spacing":0,"ocean_menu_typo_spacing_tablet":0,"ocean_menu_typo_spacing_mobile":0,"ocean_menu_typo_spacing_unit":"","ocean_menu_link_color":"","ocean_menu_link_color_hover":"","ocean_menu_link_color_active":"","ocean_menu_link_background":"","ocean_menu_link_hover_background":"","ocean_menu_link_active_background":"","ocean_menu_social_links_bg":"","ocean_menu_social_hover_links_bg":"","ocean_menu_social_links_color":"","ocean_menu_social_hover_links_color":"","ocean_disable_title":"default","ocean_disable_heading":"default","ocean_post_title":"","ocean_post_subheading":"","ocean_post_title_style":"","ocean_post_title_background_color":"","ocean_post_title_background":0,"ocean_post_title_bg_image_position":"","ocean_post_title_bg_image_attachment":"","ocean_post_title_bg_image_repeat":"","ocean_post_title_bg_image_size":"","ocean_post_title_height":0,"ocean_post_title_bg_overlay":0.5,"ocean_post_title_bg_overlay_color":"","ocean_disable_breadcrumbs":"default","ocean_breadcrumbs_color":"","ocean_breadcrumbs_separator_color":"","ocean_breadcrumbs_links_color":"","ocean_breadcrumbs_links_hover_color":"","ocean_display_footer_widgets":"default","ocean_display_footer_bottom":"default","ocean_custom_footer_template":"","footnotes":""},"class_list":["post-1132","page","type-page","status-publish","hentry","entry"],"yoast_head":"<!-- This site is optimized with the Yoast SEO plugin v27.4 - https:\/\/yoast.com\/product\/yoast-seo-wordpress\/ -->\n<title>Nouveaux arrivants - Mairie de Aumes<\/title>\n<meta name=\"robots\" content=\"index, follow, max-snippet:-1, max-image-preview:large, max-video-preview:-1\" \/>\n<link rel=\"canonical\" href=\"https:\/\/www.aumes.fr\/index.php\/nouveaux-arrivants\/\" \/>\n<meta property=\"og:locale\" content=\"en_US\" \/>\n<meta property=\"og:type\" content=\"article\" \/>\n<meta property=\"og:title\" content=\"Nouveaux arrivants - Mairie de Aumes\" \/>\n<meta property=\"og:description\" content=\"Nouveaux arrivants Tout d&#8217;abord, Bienvenue \u00e0 vous !&nbsp; En choisissant Aumes, vous avez fait le choix d&#8217;un cadre de vie agr\u00e9able, conviviale et proche de la nature. Pour vous aider, nous avons souhait\u00e9 regrouper ci-dessous une liste non exhaustive de d\u00e9marches administratives qui vous incombent lorsque l&#8217;on d\u00e9m\u00e9nage. Vous devez informer :&nbsp; * Votre fournisseur [&hellip;]\" \/>\n<meta property=\"og:url\" content=\"https:\/\/www.aumes.fr\/index.php\/nouveaux-arrivants\/\" \/>\n<meta property=\"og:site_name\" content=\"Mairie de Aumes\" \/>\n<meta property=\"article:modified_time\" content=\"2024-08-08T06:34:23+00:00\" \/>\n<meta property=\"og:image\" content=\"http:\/\/www.aumes.fr\/wp-content\/uploads\/2024\/08\/qr-code-panneau-pocket-300x300.png\" \/>\n<meta name=\"twitter:card\" content=\"summary_large_image\" \/>\n<meta name=\"twitter:label1\" content=\"Est. reading time\" \/>\n\t<meta name=\"twitter:data1\" content=\"2 minutes\" \/>\n<script type=\"application\/ld+json\" class=\"yoast-schema-graph\">{\"@context\":\"https:\\\/\\\/schema.org\",\"@graph\":[{\"@type\":\"WebPage\",\"@id\":\"https:\\\/\\\/www.aumes.fr\\\/index.php\\\/nouveaux-arrivants\\\/\",\"url\":\"https:\\\/\\\/www.aumes.fr\\\/index.php\\\/nouveaux-arrivants\\\/\",\"name\":\"Nouveaux arrivants - Mairie de Aumes\",\"isPartOf\":{\"@id\":\"http:\\\/\\\/www.aumes.fr\\\/#website\"},\"primaryImageOfPage\":{\"@id\":\"https:\\\/\\\/www.aumes.fr\\\/index.php\\\/nouveaux-arrivants\\\/#primaryimage\"},\"image\":{\"@id\":\"https:\\\/\\\/www.aumes.fr\\\/index.php\\\/nouveaux-arrivants\\\/#primaryimage\"},\"thumbnailUrl\":\"http:\\\/\\\/www.aumes.fr\\\/wp-content\\\/uploads\\\/2024\\\/08\\\/qr-code-panneau-pocket-300x300.png\",\"datePublished\":\"2024-08-06T12:18:59+00:00\",\"dateModified\":\"2024-08-08T06:34:23+00:00\",\"breadcrumb\":{\"@id\":\"https:\\\/\\\/www.aumes.fr\\\/index.php\\\/nouveaux-arrivants\\\/#breadcrumb\"},\"inLanguage\":\"en-US\",\"potentialAction\":[{\"@type\":\"ReadAction\",\"target\":[\"https:\\\/\\\/www.aumes.fr\\\/index.php\\\/nouveaux-arrivants\\\/\"]}]},{\"@type\":\"ImageObject\",\"inLanguage\":\"en-US\",\"@id\":\"https:\\\/\\\/www.aumes.fr\\\/index.php\\\/nouveaux-arrivants\\\/#primaryimage\",\"url\":\"https:\\\/\\\/www.aumes.fr\\\/wp-content\\\/uploads\\\/2024\\\/08\\\/qr-code-panneau-pocket.png\",\"contentUrl\":\"https:\\\/\\\/www.aumes.fr\\\/wp-content\\\/uploads\\\/2024\\\/08\\\/qr-code-panneau-pocket.png\",\"width\":322,\"height\":323},{\"@type\":\"BreadcrumbList\",\"@id\":\"https:\\\/\\\/www.aumes.fr\\\/index.php\\\/nouveaux-arrivants\\\/#breadcrumb\",\"itemListElement\":[{\"@type\":\"ListItem\",\"position\":1,\"name\":\"Accueil\",\"item\":\"https:\\\/\\\/www.aumes.fr\\\/\"},{\"@type\":\"ListItem\",\"position\":2,\"name\":\"Nouveaux arrivants\"}]},{\"@type\":\"WebSite\",\"@id\":\"http:\\\/\\\/www.aumes.fr\\\/#website\",\"url\":\"http:\\\/\\\/www.aumes.fr\\\/\",\"name\":\"Mairie de Aumes\",\"description\":\"Bienvenue sur le site officiel de la Mairie de Aumes, informations et nouvelles du village dominant la vall\u00e9e de l&#039;H\u00e9rault.\",\"publisher\":{\"@id\":\"http:\\\/\\\/www.aumes.fr\\\/#organization\"},\"potentialAction\":[{\"@type\":\"SearchAction\",\"target\":{\"@type\":\"EntryPoint\",\"urlTemplate\":\"http:\\\/\\\/www.aumes.fr\\\/?s={search_term_string}\"},\"query-input\":{\"@type\":\"PropertyValueSpecification\",\"valueRequired\":true,\"valueName\":\"search_term_string\"}}],\"inLanguage\":\"en-US\"},{\"@type\":\"Organization\",\"@id\":\"http:\\\/\\\/www.aumes.fr\\\/#organization\",\"name\":\"Mairie de Aumes\",\"url\":\"http:\\\/\\\/www.aumes.fr\\\/\",\"logo\":{\"@type\":\"ImageObject\",\"inLanguage\":\"en-US\",\"@id\":\"http:\\\/\\\/www.aumes.fr\\\/#\\\/schema\\\/logo\\\/image\\\/\",\"url\":\"https:\\\/\\\/www.aumes.fr\\\/wp-content\\\/uploads\\\/2024\\\/08\\\/cropped-20220624-logo-Aumes.png\",\"contentUrl\":\"https:\\\/\\\/www.aumes.fr\\\/wp-content\\\/uploads\\\/2024\\\/08\\\/cropped-20220624-logo-Aumes.png\",\"width\":436,\"height\":480,\"caption\":\"Mairie de Aumes\"},\"image\":{\"@id\":\"http:\\\/\\\/www.aumes.fr\\\/#\\\/schema\\\/logo\\\/image\\\/\"}}]}<\/script>\n<!-- \/ Yoast SEO plugin. -->","yoast_head_json":{"title":"Nouveaux arrivants - Mairie de Aumes","robots":{"index":"index","follow":"follow","max-snippet":"max-snippet:-1","max-image-preview":"max-image-preview:large","max-video-preview":"max-video-preview:-1"},"canonical":"https:\/\/www.aumes.fr\/index.php\/nouveaux-arrivants\/","og_locale":"en_US","og_type":"article","og_title":"Nouveaux arrivants - Mairie de Aumes","og_description":"Nouveaux arrivants Tout d&#8217;abord, Bienvenue \u00e0 vous !&nbsp; En choisissant Aumes, vous avez fait le choix d&#8217;un cadre de vie agr\u00e9able, conviviale et proche de la nature. Pour vous aider, nous avons souhait\u00e9 regrouper ci-dessous une liste non exhaustive de d\u00e9marches administratives qui vous incombent lorsque l&#8217;on d\u00e9m\u00e9nage. Vous devez informer :&nbsp; * Votre fournisseur [&hellip;]","og_url":"https:\/\/www.aumes.fr\/index.php\/nouveaux-arrivants\/","og_site_name":"Mairie de Aumes","article_modified_time":"2024-08-08T06:34:23+00:00","og_image":[{"url":"http:\/\/www.aumes.fr\/wp-content\/uploads\/2024\/08\/qr-code-panneau-pocket-300x300.png","type":"","width":"","height":""}],"twitter_card":"summary_large_image","twitter_misc":{"Est. reading time":"2 minutes"},"schema":{"@context":"https:\/\/schema.org","@graph":[{"@type":"WebPage","@id":"https:\/\/www.aumes.fr\/index.php\/nouveaux-arrivants\/","url":"https:\/\/www.aumes.fr\/index.php\/nouveaux-arrivants\/","name":"Nouveaux arrivants - Mairie de Aumes","isPartOf":{"@id":"http:\/\/www.aumes.fr\/#website"},"primaryImageOfPage":{"@id":"https:\/\/www.aumes.fr\/index.php\/nouveaux-arrivants\/#primaryimage"},"image":{"@id":"https:\/\/www.aumes.fr\/index.php\/nouveaux-arrivants\/#primaryimage"},"thumbnailUrl":"http:\/\/www.aumes.fr\/wp-content\/uploads\/2024\/08\/qr-code-panneau-pocket-300x300.png","datePublished":"2024-08-06T12:18:59+00:00","dateModified":"2024-08-08T06:34:23+00:00","breadcrumb":{"@id":"https:\/\/www.aumes.fr\/index.php\/nouveaux-arrivants\/#breadcrumb"},"inLanguage":"en-US","potentialAction":[{"@type":"ReadAction","target":["https:\/\/www.aumes.fr\/index.php\/nouveaux-arrivants\/"]}]},{"@type":"ImageObject","inLanguage":"en-US","@id":"https:\/\/www.aumes.fr\/index.php\/nouveaux-arrivants\/#primaryimage","url":"https:\/\/www.aumes.fr\/wp-content\/uploads\/2024\/08\/qr-code-panneau-pocket.png","contentUrl":"https:\/\/www.aumes.fr\/wp-content\/uploads\/2024\/08\/qr-code-panneau-pocket.png","width":322,"height":323},{"@type":"BreadcrumbList","@id":"https:\/\/www.aumes.fr\/index.php\/nouveaux-arrivants\/#breadcrumb","itemListElement":[{"@type":"ListItem","position":1,"name":"Accueil","item":"https:\/\/www.aumes.fr\/"},{"@type":"ListItem","position":2,"name":"Nouveaux arrivants"}]},{"@type":"WebSite","@id":"http:\/\/www.aumes.fr\/#website","url":"http:\/\/www.aumes.fr\/","name":"Mairie de Aumes","description":"Bienvenue sur le site officiel de la Mairie de Aumes, informations et nouvelles du village dominant la vall\u00e9e de l&#039;H\u00e9rault.","publisher":{"@id":"http:\/\/www.aumes.fr\/#organization"},"potentialAction":[{"@type":"SearchAction","target":{"@type":"EntryPoint","urlTemplate":"http:\/\/www.aumes.fr\/?s={search_term_string}"},"query-input":{"@type":"PropertyValueSpecification","valueRequired":true,"valueName":"search_term_string"}}],"inLanguage":"en-US"},{"@type":"Organization","@id":"http:\/\/www.aumes.fr\/#organization","name":"Mairie de Aumes","url":"http:\/\/www.aumes.fr\/","logo":{"@type":"ImageObject","inLanguage":"en-US","@id":"http:\/\/www.aumes.fr\/#\/schema\/logo\/image\/","url":"https:\/\/www.aumes.fr\/wp-content\/uploads\/2024\/08\/cropped-20220624-logo-Aumes.png","contentUrl":"https:\/\/www.aumes.fr\/wp-content\/uploads\/2024\/08\/cropped-20220624-logo-Aumes.png","width":436,"height":480,"caption":"Mairie de Aumes"},"image":{"@id":"http:\/\/www.aumes.fr\/#\/schema\/logo\/image\/"}}]}},"_links":{"self":[{"href":"https:\/\/www.aumes.fr\/index.php\/wp-json\/wp\/v2\/pages\/1132","targetHints":{"allow":["GET"]}}],"collection":[{"href":"https:\/\/www.aumes.fr\/index.php\/wp-json\/wp\/v2\/pages"}],"about":[{"href":"https:\/\/www.aumes.fr\/index.php\/wp-json\/wp\/v2\/types\/page"}],"author":[{"embeddable":true,"href":"https:\/\/www.aumes.fr\/index.php\/wp-json\/wp\/v2\/users\/1"}],"replies":[{"embeddable":true,"href":"https:\/\/www.aumes.fr\/index.php\/wp-json\/wp\/v2\/comments?post=1132"}],"version-history":[{"count":70,"href":"https:\/\/www.aumes.fr\/index.php\/wp-json\/wp\/v2\/pages\/1132\/revisions"}],"predecessor-version":[{"id":1668,"href":"https:\/\/www.aumes.fr\/index.php\/wp-json\/wp\/v2\/pages\/1132\/revisions\/1668"}],"wp:attachment":[{"href":"https:\/\/www.aumes.fr\/index.php\/wp-json\/wp\/v2\/media?parent=1132"}],"curies":[{"name":"wp","href":"https:\/\/api.w.org\/{rel}","templated":true}]}}