{"id":128,"date":"2024-05-27T10:31:36","date_gmt":"2024-05-27T08:31:36","guid":{"rendered":"http:\/\/www.aumes.fr\/?page_id=128"},"modified":"2024-05-30T10:51:39","modified_gmt":"2024-05-30T08:51:39","slug":"contact","status":"publish","type":"page","link":"https:\/\/www.aumes.fr\/index.php\/contact\/","title":{"rendered":"Contact"},"content":{"rendered":"\t\t<div data-elementor-type=\"wp-page\" data-elementor-id=\"128\" class=\"elementor elementor-128\">\n\t\t\t\t<div class=\"elementor-element elementor-element-8fd1ee6 e-con-full e-flex e-con e-parent\" data-id=\"8fd1ee6\" data-element_type=\"container\" data-e-type=\"container\">\n\t\t\t\t<div class=\"elementor-element elementor-element-bb96408 elementor-widget__width-initial elementor-widget elementor-widget-heading\" data-id=\"bb96408\" data-element_type=\"widget\" data-e-type=\"widget\" data-widget_type=\"heading.default\">\n\t\t\t\t<div class=\"elementor-widget-container\">\n\t\t\t\t\t<h2 class=\"elementor-heading-title elementor-size-default\">Formulaire de contact<\/h2>\t\t\t\t<\/div>\n\t\t\t\t<\/div>\n\t\t\t\t<div class=\"elementor-element elementor-element-9b0ac79 elementor-widget elementor-widget-text-editor\" data-id=\"9b0ac79\" data-element_type=\"widget\" data-e-type=\"widget\" data-widget_type=\"text-editor.default\">\n\t\t\t\t<div class=\"elementor-widget-container\">\n\t\t\t\t\t\t\t\t\t<h1 style=\"padding-left: 40px;\">Une question ? N&#8217;h\u00e9sitez pas \u00e0 nous contacter via le formulaire ci-dessous.<\/h1>\t\t\t\t\t\t\t\t<\/div>\n\t\t\t\t<\/div>\n\t\t\t\t<\/div>\n\t\t<div class=\"elementor-element elementor-element-e468c83 e-con-full e-flex e-con e-parent\" data-id=\"e468c83\" data-element_type=\"container\" data-e-type=\"container\">\n\t\t\t\t<div class=\"elementor-element elementor-element-e21c4af elementor-widget__width-inherit elementor-widget elementor-widget-formidable\" data-id=\"e21c4af\" data-element_type=\"widget\" data-e-type=\"widget\" data-widget_type=\"formidable.default\">\n\t\t\t\t<div class=\"elementor-widget-container\">\n\t\t\t\t\t<div class=\"frm_forms  with_frm_style frm_style_style-formidable\" id=\"frm_form_2_container\" data-token=\"631bd45304c3c032bc4c46e4bd57c90c\">\n<form enctype=\"multipart\/form-data\" method=\"post\" class=\"frm-show-form \" id=\"form_contact\" data-token=\"631bd45304c3c032bc4c46e4bd57c90c\">\n<div class=\"frm_form_fields \">\n<fieldset>\n<legend class=\"frm_screen_reader\">Contact<\/legend>\r\n\r\n<div class=\"frm_fields_container\">\n<input type=\"hidden\" name=\"frm_action\" value=\"create\" \/>\n<input type=\"hidden\" name=\"form_id\" value=\"2\" \/>\n<input type=\"hidden\" name=\"frm_hide_fields_2\" id=\"frm_hide_fields_2\" value=\"\" \/>\n<input type=\"hidden\" name=\"form_key\" value=\"contact\" \/>\n<input type=\"hidden\" name=\"item_meta[0]\" value=\"\" \/>\n<input type=\"hidden\" id=\"frm_submit_entry_2\" name=\"frm_submit_entry_2\" value=\"07d36c1439\" \/><input type=\"hidden\" name=\"_wp_http_referer\" value=\"\/index.php\/wp-json\/wp\/v2\/pages\/128\" \/><div id=\"frm_field_8_container\" class=\"frm_form_field form-field  frm_required_field frm_top_container frm12 frm_first\">\r\n\t<div  id=\"field_xxz1d_label\" class=\"frm_primary_label\">Nom - Pr\u00e9nom\r\n\t\t<span class=\"frm_required\" aria-hidden=\"true\">*<\/span>\r\n\t<\/div>\r\n\t<fieldset aria-labelledby=\"field_xxz1d_label\">\n\t<legend class=\"frm_screen_reader frm_hidden\">\n\t\tNom - Pr\u00e9nom\t<\/legend>\n\n\t<div  class=\"frm_combo_inputs_container\" id=\"frm_combo_inputs_container_8\" data-name-layout=\"first_last\">\n\t\t\t\t\t<div\n\t\t\t\tid=\"frm_field_8-first_container\"\n\t\t\t\tclass=\"frm_form_field form-field frm_form_subfield-first  frm6\"\n\t\t\t\tdata-sub-field-name=\"first\"\n\t\t\t>\n\t\t\t\t<label for=\"field_xxz1d_first\" class=\"frm_screen_reader frm_hidden\">\n\t\t\t\t\tNom - Pr\u00e9nom\t\t\t\t<\/label>\n\n\t\t\t\t<input  type=\"text\" id=\"field_xxz1d_first\" value=\"\" name=\"item_meta[8][first]\" autocomplete=\"given-name\" placeholder=\"Dupont\" data-reqmsg=\"Nom - Pr\u00e9nom ne peut pas \u00eatre vide.\" aria-required=\"true\" data-invmsg=\"Nom - Pr\u00e9nom is invalid\" aria-invalid=\"false\"  \/>\t\t\t<\/div>\n\t\t\t\t\t\t<div\n\t\t\t\tid=\"frm_field_8-last_container\"\n\t\t\t\tclass=\"frm_form_field form-field frm_form_subfield-last  frm6\"\n\t\t\t\tdata-sub-field-name=\"last\"\n\t\t\t>\n\t\t\t\t<label for=\"field_xxz1d_last\" class=\"frm_screen_reader frm_hidden\">\n\t\t\t\t\tNom - Pr\u00e9nom\t\t\t\t<\/label>\n\n\t\t\t\t<input  type=\"text\" id=\"field_xxz1d_last\" value=\"\" name=\"item_meta[8][last]\" autocomplete=\"family-name\" placeholder=\"Pierre\" data-reqmsg=\"Nom - Pr\u00e9nom ne peut pas \u00eatre vide.\" aria-required=\"true\" data-invmsg=\"Nom - Pr\u00e9nom is invalid\" aria-invalid=\"false\"  \/>\t\t\t<\/div>\n\t\t\t\t<\/div>\n<\/fieldset>\n\r\n\t\r\n\t\r\n<\/div>\n<div id=\"frm_field_11_container\" class=\"frm_form_field form-field  frm_required_field frm_top_container\">\r\n\t<label for=\"field_jngof\" id=\"field_jngof_label\" class=\"frm_primary_label\">T\u00e9l\u00e9phone\r\n\t\t<span class=\"frm_required\" aria-hidden=\"true\">*<\/span>\r\n\t<\/label>\r\n\t<input type=\"tel\" id=\"field_jngof\" name=\"item_meta[11]\" value=\"\"  data-reqmsg=\"T\u00e9l\u00e9phone ne peut pas \u00eatre vide.\" aria-required=\"true\" data-invmsg=\"T\u00e9l\u00e9phone est non valide\" aria-invalid=\"false\" pattern=\"((\\+\\d{1,3}(-|.| )?\\(?\\d\\)?(-| |.)?\\d{1,5})|(\\(?\\d{2,6}\\)?))(-|.| )?(\\d{3,4})(-|.| )?(\\d{4})(( x| ext)\\d{1,5}){0,1}$\"  \/>\r\n\t\r\n\t\r\n<\/div>\n<div id=\"frm_field_10_container\" class=\"frm_form_field form-field  frm_required_field frm_top_container\">\r\n\t<label for=\"field_1hx5g\" id=\"field_1hx5g_label\" class=\"frm_primary_label\">Email\r\n\t\t<span class=\"frm_required\" aria-hidden=\"true\">*<\/span>\r\n\t<\/label>\r\n\t<input type=\"email\" id=\"field_1hx5g\" name=\"item_meta[10]\" value=\"\"  data-reqmsg=\"Email ne peut pas \u00eatre vide.\" aria-required=\"true\" data-invmsg=\"Email est non valide\" aria-invalid=\"false\"  \/>\r\n\t\r\n\t\r\n<\/div>\n<div id=\"frm_field_12_container\" class=\"frm_form_field form-field  frm_required_field frm_top_container\">\r\n\t<label for=\"field_n4g8q\" id=\"field_n4g8q_label\" class=\"frm_primary_label\">Sujet\r\n\t\t<span class=\"frm_required\" aria-hidden=\"true\">*<\/span>\r\n\t<\/label>\r\n\t<input type=\"text\" id=\"field_n4g8q\" name=\"item_meta[12]\" value=\"\"  data-reqmsg=\"Sujet ne peut pas \u00eatre vide.\" aria-required=\"true\" data-invmsg=\"Sujet est non valide\" aria-invalid=\"false\"  \/>\r\n\t\r\n\t\r\n<\/div>\n<div id=\"frm_field_14_container\" class=\"frm_form_field form-field  frm_required_field frm_top_container\">\r\n\t<label for=\"field_kluov\" id=\"field_kluov_label\" class=\"frm_primary_label\">Message\r\n\t\t<span class=\"frm_required\" aria-hidden=\"true\">*<\/span>\r\n\t<\/label>\r\n\t<textarea name=\"item_meta[14]\" id=\"field_kluov\" rows=\"5\"  data-reqmsg=\"Message ne peut pas \u00eatre vide.\" aria-required=\"true\" data-invmsg=\"Message is invalid\" aria-invalid=\"false\"  ><\/textarea>\r\n\t\r\n\t\r\n<\/div>\n<div id=\"frm_field_6_container\" class=\"frm_form_field form-field \">\r\n\t<div class=\"frm_submit frm_flex\">\r\n<button class=\"frm_button_submit\" type=\"submit\"  >Envoyer<\/button>\r\n\r\n\r\n\r\n<\/div>\r\n<\/div>\n\t<input type=\"hidden\" name=\"item_key\" value=\"\" \/>\n\t\t\t<div id=\"frm_field_15_container\">\n\t\t\t<label for=\"field_ex5xi\" >\n\t\t\t\tIf you are human, leave this field blank.\t\t\t<\/label>\n\t\t\t<input  id=\"field_ex5xi\" type=\"text\" class=\"frm_form_field form-field frm_verify\" name=\"item_meta[15]\" value=\"\"  \/>\n\t\t<\/div>\n\t\t<input name=\"frm_state\" type=\"hidden\" value=\"pX+37t\/fi8rPifn+fFVCQy85Cs9WOpftSxH+X1UalSE=\" \/><\/div>\n<\/fieldset>\n<\/div>\n\n<p style=\"display: none !important;\" class=\"akismet-fields-container\" data-prefix=\"ak_\"><label>&#916;<textarea name=\"ak_hp_textarea\" cols=\"45\" rows=\"8\" maxlength=\"100\"><\/textarea><\/label><input type=\"hidden\" id=\"ak_js_1\" name=\"ak_js\" value=\"158\"\/><script>\ndocument.getElementById( \"ak_js_1\" ).setAttribute( \"value\", ( new Date() ).getTime() );\n<\/script>\n<\/p><\/form>\n<\/div>\n\t\t\t\t<\/div>\n\t\t\t\t<\/div>\n\t\t\t\t<\/div>\n\t\t\t\t<\/div>\n\t\t","protected":false},"excerpt":{"rendered":"<p>Formulaire de contact Une question ? N&#8217;h\u00e9sitez pas \u00e0 nous contacter via le formulaire ci-dessous. Contact Nom &#8211; Pr\u00e9nom * Nom &#8211; Pr\u00e9nom Nom &#8211; Pr\u00e9nom Nom &#8211; Pr\u00e9nom T\u00e9l\u00e9phone * Email * Sujet * Message * Envoyer Si vous \u00eates un humain, ne remplissez pas ce champ. &#916;<\/p>\n","protected":false},"author":1,"featured_media":0,"parent":0,"menu_order":0,"comment_status":"closed","ping_status":"closed","template":"templates\/landing.php","meta":{"ocean_post_layout":"","ocean_both_sidebars_style":"","ocean_both_sidebars_content_width":0,"ocean_both_sidebars_sidebars_width":0,"ocean_sidebar":"","ocean_second_sidebar":"","ocean_disable_margins":"enable","ocean_add_body_class":"","ocean_shortcode_before_top_bar":"","ocean_shortcode_after_top_bar":"","ocean_shortcode_before_header":"","ocean_shortcode_after_header":"","ocean_has_shortcode":"","ocean_shortcode_after_title":"","ocean_shortcode_before_footer_widgets":"","ocean_shortcode_after_footer_widgets":"","ocean_shortcode_before_footer_bottom":"","ocean_shortcode_after_footer_bottom":"","ocean_display_top_bar":"default","ocean_display_header":"default","ocean_header_style":"","ocean_center_header_left_menu":"","ocean_custom_header_template":"","ocean_custom_logo":0,"ocean_custom_retina_logo":0,"ocean_custom_logo_max_width":0,"ocean_custom_logo_tablet_max_width":0,"ocean_custom_logo_mobile_max_width":0,"ocean_custom_logo_max_height":0,"ocean_custom_logo_tablet_max_height":0,"ocean_custom_logo_mobile_max_height":0,"ocean_header_custom_menu":"","ocean_menu_typo_font_family":"","ocean_menu_typo_font_subset":"","ocean_menu_typo_font_size":0,"ocean_menu_typo_font_size_tablet":0,"ocean_menu_typo_font_size_mobile":0,"ocean_menu_typo_font_size_unit":"px","ocean_menu_typo_font_weight":"","ocean_menu_typo_font_weight_tablet":"","ocean_menu_typo_font_weight_mobile":"","ocean_menu_typo_transform":"","ocean_menu_typo_transform_tablet":"","ocean_menu_typo_transform_mobile":"","ocean_menu_typo_line_height":0,"ocean_menu_typo_line_height_tablet":0,"ocean_menu_typo_line_height_mobile":0,"ocean_menu_typo_line_height_unit":"","ocean_menu_typo_spacing":0,"ocean_menu_typo_spacing_tablet":0,"ocean_menu_typo_spacing_mobile":0,"ocean_menu_typo_spacing_unit":"","ocean_menu_link_color":"","ocean_menu_link_color_hover":"","ocean_menu_link_color_active":"","ocean_menu_link_background":"","ocean_menu_link_hover_background":"","ocean_menu_link_active_background":"","ocean_menu_social_links_bg":"","ocean_menu_social_hover_links_bg":"","ocean_menu_social_links_color":"","ocean_menu_social_hover_links_color":"","ocean_disable_title":"default","ocean_disable_heading":"default","ocean_post_title":"","ocean_post_subheading":"","ocean_post_title_style":"","ocean_post_title_background_color":"","ocean_post_title_background":0,"ocean_post_title_bg_image_position":"","ocean_post_title_bg_image_attachment":"","ocean_post_title_bg_image_repeat":"","ocean_post_title_bg_image_size":"","ocean_post_title_height":0,"ocean_post_title_bg_overlay":0.5,"ocean_post_title_bg_overlay_color":"","ocean_disable_breadcrumbs":"default","ocean_breadcrumbs_color":"","ocean_breadcrumbs_separator_color":"","ocean_breadcrumbs_links_color":"","ocean_breadcrumbs_links_hover_color":"","ocean_display_footer_widgets":"default","ocean_display_footer_bottom":"default","ocean_custom_footer_template":"","footnotes":""},"class_list":["post-128","page","type-page","status-publish","hentry","entry"],"yoast_head":"<!-- This site is optimized with the Yoast SEO plugin v27.5 - https:\/\/yoast.com\/product\/yoast-seo-wordpress\/ -->\n<title>Contact - Mairie de Aumes<\/title>\n<meta name=\"description\" content=\"Bienvenue sur le site officiel de la Mairie de Aumes, informations et nouvelles du village dominant la vall\u00e9e de l&#039;H\u00e9rault.\" \/>\n<meta name=\"robots\" content=\"index, follow, max-snippet:-1, max-image-preview:large, max-video-preview:-1\" \/>\n<link rel=\"canonical\" href=\"https:\/\/www.aumes.fr\/index.php\/contact\/\" \/>\n<meta property=\"og:locale\" content=\"en_US\" \/>\n<meta property=\"og:type\" content=\"article\" \/>\n<meta property=\"og:title\" content=\"Contact - Mairie de Aumes\" \/>\n<meta property=\"og:description\" content=\"Bienvenue sur le site officiel de la Mairie de Aumes, informations et nouvelles du village dominant la vall\u00e9e de l&#039;H\u00e9rault.\" \/>\n<meta property=\"og:url\" content=\"https:\/\/www.aumes.fr\/index.php\/contact\/\" \/>\n<meta property=\"og:site_name\" content=\"Mairie de Aumes\" \/>\n<meta property=\"article:modified_time\" content=\"2024-05-30T08:51:39+00:00\" \/>\n<meta name=\"twitter:card\" content=\"summary_large_image\" \/>\n<meta name=\"twitter:label1\" content=\"Est. reading time\" \/>\n\t<meta name=\"twitter:data1\" content=\"1 minute\" \/>\n<script type=\"application\/ld+json\" class=\"yoast-schema-graph\">{\"@context\":\"https:\\\/\\\/schema.org\",\"@graph\":[{\"@type\":\"WebPage\",\"@id\":\"https:\\\/\\\/www.aumes.fr\\\/index.php\\\/contact\\\/\",\"url\":\"https:\\\/\\\/www.aumes.fr\\\/index.php\\\/contact\\\/\",\"name\":\"Contact - Mairie de Aumes\",\"isPartOf\":{\"@id\":\"http:\\\/\\\/www.aumes.fr\\\/#website\"},\"datePublished\":\"2024-05-27T08:31:36+00:00\",\"dateModified\":\"2024-05-30T08:51:39+00:00\",\"description\":\"Bienvenue sur le site officiel de la Mairie de Aumes, informations et nouvelles du village dominant la vall\u00e9e de l'H\u00e9rault.\",\"breadcrumb\":{\"@id\":\"https:\\\/\\\/www.aumes.fr\\\/index.php\\\/contact\\\/#breadcrumb\"},\"inLanguage\":\"en-US\",\"potentialAction\":[{\"@type\":\"ReadAction\",\"target\":[\"https:\\\/\\\/www.aumes.fr\\\/index.php\\\/contact\\\/\"]}]},{\"@type\":\"BreadcrumbList\",\"@id\":\"https:\\\/\\\/www.aumes.fr\\\/index.php\\\/contact\\\/#breadcrumb\",\"itemListElement\":[{\"@type\":\"ListItem\",\"position\":1,\"name\":\"Accueil\",\"item\":\"https:\\\/\\\/www.aumes.fr\\\/\"},{\"@type\":\"ListItem\",\"position\":2,\"name\":\"Contact\"}]},{\"@type\":\"WebSite\",\"@id\":\"http:\\\/\\\/www.aumes.fr\\\/#website\",\"url\":\"http:\\\/\\\/www.aumes.fr\\\/\",\"name\":\"Mairie de Aumes\",\"description\":\"Bienvenue sur le site officiel de la Mairie de Aumes, informations et nouvelles du village dominant la vall\u00e9e de l&#039;H\u00e9rault.\",\"publisher\":{\"@id\":\"http:\\\/\\\/www.aumes.fr\\\/#organization\"},\"potentialAction\":[{\"@type\":\"SearchAction\",\"target\":{\"@type\":\"EntryPoint\",\"urlTemplate\":\"http:\\\/\\\/www.aumes.fr\\\/?s={search_term_string}\"},\"query-input\":{\"@type\":\"PropertyValueSpecification\",\"valueRequired\":true,\"valueName\":\"search_term_string\"}}],\"inLanguage\":\"en-US\"},{\"@type\":\"Organization\",\"@id\":\"http:\\\/\\\/www.aumes.fr\\\/#organization\",\"name\":\"Mairie de Aumes\",\"url\":\"http:\\\/\\\/www.aumes.fr\\\/\",\"logo\":{\"@type\":\"ImageObject\",\"inLanguage\":\"en-US\",\"@id\":\"http:\\\/\\\/www.aumes.fr\\\/#\\\/schema\\\/logo\\\/image\\\/\",\"url\":\"https:\\\/\\\/www.aumes.fr\\\/wp-content\\\/uploads\\\/2024\\\/08\\\/cropped-20220624-logo-Aumes.png\",\"contentUrl\":\"https:\\\/\\\/www.aumes.fr\\\/wp-content\\\/uploads\\\/2024\\\/08\\\/cropped-20220624-logo-Aumes.png\",\"width\":436,\"height\":480,\"caption\":\"Mairie de Aumes\"},\"image\":{\"@id\":\"http:\\\/\\\/www.aumes.fr\\\/#\\\/schema\\\/logo\\\/image\\\/\"}}]}<\/script>\n<!-- \/ Yoast SEO plugin. -->","yoast_head_json":{"title":"Contact - Mairie de Aumes","description":"Bienvenue sur le site officiel de la Mairie de Aumes, informations et nouvelles du village dominant la vall\u00e9e de l'H\u00e9rault.","robots":{"index":"index","follow":"follow","max-snippet":"max-snippet:-1","max-image-preview":"max-image-preview:large","max-video-preview":"max-video-preview:-1"},"canonical":"https:\/\/www.aumes.fr\/index.php\/contact\/","og_locale":"en_US","og_type":"article","og_title":"Contact - Mairie de Aumes","og_description":"Bienvenue sur le site officiel de la Mairie de Aumes, informations et nouvelles du village dominant la vall\u00e9e de l'H\u00e9rault.","og_url":"https:\/\/www.aumes.fr\/index.php\/contact\/","og_site_name":"Mairie de Aumes","article_modified_time":"2024-05-30T08:51:39+00:00","twitter_card":"summary_large_image","twitter_misc":{"Est. reading time":"1 minute"},"schema":{"@context":"https:\/\/schema.org","@graph":[{"@type":"WebPage","@id":"https:\/\/www.aumes.fr\/index.php\/contact\/","url":"https:\/\/www.aumes.fr\/index.php\/contact\/","name":"Contact - Mairie de Aumes","isPartOf":{"@id":"http:\/\/www.aumes.fr\/#website"},"datePublished":"2024-05-27T08:31:36+00:00","dateModified":"2024-05-30T08:51:39+00:00","description":"Bienvenue sur le site officiel de la Mairie de Aumes, informations et nouvelles du village dominant la vall\u00e9e de l'H\u00e9rault.","breadcrumb":{"@id":"https:\/\/www.aumes.fr\/index.php\/contact\/#breadcrumb"},"inLanguage":"en-US","potentialAction":[{"@type":"ReadAction","target":["https:\/\/www.aumes.fr\/index.php\/contact\/"]}]},{"@type":"BreadcrumbList","@id":"https:\/\/www.aumes.fr\/index.php\/contact\/#breadcrumb","itemListElement":[{"@type":"ListItem","position":1,"name":"Accueil","item":"https:\/\/www.aumes.fr\/"},{"@type":"ListItem","position":2,"name":"Contact"}]},{"@type":"WebSite","@id":"http:\/\/www.aumes.fr\/#website","url":"http:\/\/www.aumes.fr\/","name":"Mairie de Aumes","description":"Bienvenue sur le site officiel de la Mairie de Aumes, informations et nouvelles du village dominant la vall\u00e9e de l&#039;H\u00e9rault.","publisher":{"@id":"http:\/\/www.aumes.fr\/#organization"},"potentialAction":[{"@type":"SearchAction","target":{"@type":"EntryPoint","urlTemplate":"http:\/\/www.aumes.fr\/?s={search_term_string}"},"query-input":{"@type":"PropertyValueSpecification","valueRequired":true,"valueName":"search_term_string"}}],"inLanguage":"en-US"},{"@type":"Organization","@id":"http:\/\/www.aumes.fr\/#organization","name":"Mairie de Aumes","url":"http:\/\/www.aumes.fr\/","logo":{"@type":"ImageObject","inLanguage":"en-US","@id":"http:\/\/www.aumes.fr\/#\/schema\/logo\/image\/","url":"https:\/\/www.aumes.fr\/wp-content\/uploads\/2024\/08\/cropped-20220624-logo-Aumes.png","contentUrl":"https:\/\/www.aumes.fr\/wp-content\/uploads\/2024\/08\/cropped-20220624-logo-Aumes.png","width":436,"height":480,"caption":"Mairie de Aumes"},"image":{"@id":"http:\/\/www.aumes.fr\/#\/schema\/logo\/image\/"}}]}},"_links":{"self":[{"href":"https:\/\/www.aumes.fr\/index.php\/wp-json\/wp\/v2\/pages\/128","targetHints":{"allow":["GET"]}}],"collection":[{"href":"https:\/\/www.aumes.fr\/index.php\/wp-json\/wp\/v2\/pages"}],"about":[{"href":"https:\/\/www.aumes.fr\/index.php\/wp-json\/wp\/v2\/types\/page"}],"author":[{"embeddable":true,"href":"https:\/\/www.aumes.fr\/index.php\/wp-json\/wp\/v2\/users\/1"}],"replies":[{"embeddable":true,"href":"https:\/\/www.aumes.fr\/index.php\/wp-json\/wp\/v2\/comments?post=128"}],"version-history":[{"count":52,"href":"https:\/\/www.aumes.fr\/index.php\/wp-json\/wp\/v2\/pages\/128\/revisions"}],"predecessor-version":[{"id":476,"href":"https:\/\/www.aumes.fr\/index.php\/wp-json\/wp\/v2\/pages\/128\/revisions\/476"}],"wp:attachment":[{"href":"https:\/\/www.aumes.fr\/index.php\/wp-json\/wp\/v2\/media?parent=128"}],"curies":[{"name":"wp","href":"https:\/\/api.w.org\/{rel}","templated":true}]}}