{"id":22,"date":"2024-05-24T09:38:00","date_gmt":"2024-05-24T07:38:00","guid":{"rendered":"http:\/\/www.aumes.fr\/?page_id=22"},"modified":"2024-08-07T09:54:00","modified_gmt":"2024-08-07T07:54:00","slug":"cimetiere","status":"publish","type":"page","link":"https:\/\/www.aumes.fr\/index.php\/cimetiere\/","title":{"rendered":"Cimeti\u00e8re"},"content":{"rendered":"\t\t<div data-elementor-type=\"wp-page\" data-elementor-id=\"22\" class=\"elementor elementor-22\">\n\t\t\t\t<div class=\"elementor-element elementor-element-fa1741b e-flex e-con-boxed e-con e-parent\" data-id=\"fa1741b\" data-element_type=\"container\" data-e-type=\"container\">\n\t\t\t\t\t<div class=\"e-con-inner\">\n\t\t\t\t<div class=\"elementor-element elementor-element-6d676da elementor-widget elementor-widget-spacer\" data-id=\"6d676da\" data-element_type=\"widget\" data-e-type=\"widget\" data-widget_type=\"spacer.default\">\n\t\t\t\t<div class=\"elementor-widget-container\">\n\t\t\t\t\t\t\t<div class=\"elementor-spacer\">\n\t\t\t<div class=\"elementor-spacer-inner\"><\/div>\n\t\t<\/div>\n\t\t\t\t\t\t<\/div>\n\t\t\t\t<\/div>\n\t\t\t\t<div class=\"elementor-element elementor-element-bcfe57d elementor-widget elementor-widget-heading\" data-id=\"bcfe57d\" data-element_type=\"widget\" data-e-type=\"widget\" data-widget_type=\"heading.default\">\n\t\t\t\t<div class=\"elementor-widget-container\">\n\t\t\t\t\t<h2 class=\"elementor-heading-title elementor-size-default\">Cimeti\u00e8re de Aumes<\/h2>\t\t\t\t<\/div>\n\t\t\t\t<\/div>\n\t\t\t\t<div class=\"elementor-element elementor-element-dcb3def elementor-widget elementor-widget-spacer\" data-id=\"dcb3def\" data-element_type=\"widget\" data-e-type=\"widget\" data-widget_type=\"spacer.default\">\n\t\t\t\t<div class=\"elementor-widget-container\">\n\t\t\t\t\t\t\t<div class=\"elementor-spacer\">\n\t\t\t<div class=\"elementor-spacer-inner\"><\/div>\n\t\t<\/div>\n\t\t\t\t\t\t<\/div>\n\t\t\t\t<\/div>\n\t\t<div class=\"elementor-element elementor-element-934a738 e-con-full e-flex e-con e-child\" data-id=\"934a738\" data-element_type=\"container\" data-e-type=\"container\">\n\t\t<div class=\"elementor-element elementor-element-7f60542 e-grid e-con-full e-con e-child\" data-id=\"7f60542\" data-element_type=\"container\" data-e-type=\"container\">\n\t\t\t\t<div class=\"elementor-element elementor-element-d978443 elementor-widget elementor-widget-text-editor\" data-id=\"d978443\" data-element_type=\"widget\" data-e-type=\"widget\" data-widget_type=\"text-editor.default\">\n\t\t\t\t<div class=\"elementor-widget-container\">\n\t\t\t\t\t\t\t\t\t<p>Le cimeti\u00e8re de Aumes est ouvert tous les jours\u00a0(samedi, dimanche et jours f\u00e9ri\u00e9s inclus) 24h\/24h.<\/p><p>La circulation en voiture dans l\u2019enceinte du cimeti\u00e8re est interdite.<\/p><p>\u00a0<\/p><p>Adresse du Cimeti\u00e8re : Rue du cimeti\u00e8re<br \/>Tarifs concessions de terrain :<br \/>Pleine terre 3m\u00b2 trentenaire : 250.00 \u20ac<br \/>Pleine terre 6m\u00b2 trentenaire : 500.00 \u20ac<\/p><p>Colombarium\u00a0: 500.00 \u20ac<\/p><p>\u00a0<\/p><p>La s\u00e9pulture dans le cimeti\u00e8re de Aumes et due\u00a0:<\/p><ul><li>Aux personnes d\u00e9c\u00e9d\u00e9es sur le territoire de la Commune<\/li><li>Aux personnes domicili\u00e9es sur le territoire de la Commune<\/li><li>Aux personnes ayant droit \u00e0 l\u2019inhumation dans une s\u00e9pulture de famille ou collective.<\/li><\/ul><p>Toute entreprise amen\u00e9e \u00e0 entreprendre des travaux dans le cimeti\u00e8re devra pr\u00e9alablement en faire la demande \u00e0 la mairie.<\/p><p>\u00a0<\/p><p>Pour toute demande d\u2019information et demande de concession, merci de vous adresser \u00e0 la Mairie.<\/p>\t\t\t\t\t\t\t\t<\/div>\n\t\t\t\t<\/div>\n\t\t\t\t<div class=\"elementor-element elementor-element-a79ef95 elementor-widget elementor-widget-image\" data-id=\"a79ef95\" data-element_type=\"widget\" data-e-type=\"widget\" data-widget_type=\"image.default\">\n\t\t\t\t<div class=\"elementor-widget-container\">\n\t\t\t\t\t\t\t\t\t\t\t\t\t\t\t<img fetchpriority=\"high\" decoding=\"async\" width=\"536\" height=\"710\" src=\"https:\/\/www.aumes.fr\/wp-content\/uploads\/2024\/08\/cimetiere.png\" class=\"attachment-medium_large size-medium_large wp-image-1041\" alt=\"\" srcset=\"https:\/\/www.aumes.fr\/wp-content\/uploads\/2024\/08\/cimetiere.png 536w, https:\/\/www.aumes.fr\/wp-content\/uploads\/2024\/08\/cimetiere-226x300.png 226w\" sizes=\"(max-width: 536px) 100vw, 536px\" \/>\t\t\t\t\t\t\t\t\t\t\t\t\t\t\t<\/div>\n\t\t\t\t<\/div>\n\t\t\t\t<\/div>\n\t\t\t\t<\/div>\n\t\t\t\t\t<\/div>\n\t\t\t\t<\/div>\n\t\t\t\t<\/div>\n\t\t","protected":false},"excerpt":{"rendered":"<p>Cimeti\u00e8re de Aumes Le cimeti\u00e8re de Aumes est ouvert tous les jours\u00a0(samedi, dimanche et jours f\u00e9ri\u00e9s inclus) 24h\/24h. La circulation en voiture dans l\u2019enceinte du cimeti\u00e8re est interdite. \u00a0 Adresse du Cimeti\u00e8re : Rue du cimeti\u00e8reTarifs concessions de terrain :Pleine terre 3m\u00b2 trentenaire : 250.00 \u20acPleine terre 6m\u00b2 trentenaire : 500.00 \u20ac Colombarium\u00a0: 500.00 \u20ac [&hellip;]<\/p>\n","protected":false},"author":1,"featured_media":0,"parent":0,"menu_order":0,"comment_status":"closed","ping_status":"closed","template":"","meta":{"ocean_post_layout":"","ocean_both_sidebars_style":"","ocean_both_sidebars_content_width":0,"ocean_both_sidebars_sidebars_width":0,"ocean_sidebar":"","ocean_second_sidebar":"","ocean_disable_margins":"enable","ocean_add_body_class":"","ocean_shortcode_before_top_bar":"","ocean_shortcode_after_top_bar":"","ocean_shortcode_before_header":"","ocean_shortcode_after_header":"","ocean_has_shortcode":"","ocean_shortcode_after_title":"","ocean_shortcode_before_footer_widgets":"","ocean_shortcode_after_footer_widgets":"","ocean_shortcode_before_footer_bottom":"","ocean_shortcode_after_footer_bottom":"","ocean_display_top_bar":"default","ocean_display_header":"default","ocean_header_style":"","ocean_center_header_left_menu":"","ocean_custom_header_template":"","ocean_custom_logo":0,"ocean_custom_retina_logo":0,"ocean_custom_logo_max_width":0,"ocean_custom_logo_tablet_max_width":0,"ocean_custom_logo_mobile_max_width":0,"ocean_custom_logo_max_height":0,"ocean_custom_logo_tablet_max_height":0,"ocean_custom_logo_mobile_max_height":0,"ocean_header_custom_menu":"","ocean_menu_typo_font_family":"","ocean_menu_typo_font_subset":"","ocean_menu_typo_font_size":0,"ocean_menu_typo_font_size_tablet":0,"ocean_menu_typo_font_size_mobile":0,"ocean_menu_typo_font_size_unit":"px","ocean_menu_typo_font_weight":"","ocean_menu_typo_font_weight_tablet":"","ocean_menu_typo_font_weight_mobile":"","ocean_menu_typo_transform":"","ocean_menu_typo_transform_tablet":"","ocean_menu_typo_transform_mobile":"","ocean_menu_typo_line_height":0,"ocean_menu_typo_line_height_tablet":0,"ocean_menu_typo_line_height_mobile":0,"ocean_menu_typo_line_height_unit":"","ocean_menu_typo_spacing":0,"ocean_menu_typo_spacing_tablet":0,"ocean_menu_typo_spacing_mobile":0,"ocean_menu_typo_spacing_unit":"","ocean_menu_link_color":"","ocean_menu_link_color_hover":"","ocean_menu_link_color_active":"","ocean_menu_link_background":"","ocean_menu_link_hover_background":"","ocean_menu_link_active_background":"","ocean_menu_social_links_bg":"","ocean_menu_social_hover_links_bg":"","ocean_menu_social_links_color":"","ocean_menu_social_hover_links_color":"","ocean_disable_title":"default","ocean_disable_heading":"default","ocean_post_title":"","ocean_post_subheading":"","ocean_post_title_style":"","ocean_post_title_background_color":"","ocean_post_title_background":0,"ocean_post_title_bg_image_position":"","ocean_post_title_bg_image_attachment":"","ocean_post_title_bg_image_repeat":"","ocean_post_title_bg_image_size":"","ocean_post_title_height":0,"ocean_post_title_bg_overlay":0.5,"ocean_post_title_bg_overlay_color":"","ocean_disable_breadcrumbs":"default","ocean_breadcrumbs_color":"","ocean_breadcrumbs_separator_color":"","ocean_breadcrumbs_links_color":"","ocean_breadcrumbs_links_hover_color":"","ocean_display_footer_widgets":"default","ocean_display_footer_bottom":"default","ocean_custom_footer_template":"","footnotes":""},"class_list":["post-22","page","type-page","status-publish","hentry","entry"],"yoast_head":"<!-- This site is optimized with the Yoast SEO plugin v27.4 - https:\/\/yoast.com\/product\/yoast-seo-wordpress\/ -->\n<title>Cimeti\u00e8re - Mairie de Aumes<\/title>\n<meta name=\"description\" content=\"Bienvenue sur le site officiel de la Mairie de Aumes, informations et nouvelles du village dominant la vall\u00e9e de l&#039;H\u00e9rault.\" \/>\n<meta name=\"robots\" content=\"index, follow, max-snippet:-1, max-image-preview:large, max-video-preview:-1\" \/>\n<link rel=\"canonical\" href=\"https:\/\/www.aumes.fr\/index.php\/cimetiere\/\" \/>\n<meta property=\"og:locale\" content=\"en_US\" \/>\n<meta property=\"og:type\" content=\"article\" \/>\n<meta property=\"og:title\" content=\"Cimeti\u00e8re - Mairie de Aumes\" \/>\n<meta property=\"og:description\" content=\"Bienvenue sur le site officiel de la Mairie de Aumes, informations et nouvelles du village dominant la vall\u00e9e de l&#039;H\u00e9rault.\" \/>\n<meta property=\"og:url\" content=\"https:\/\/www.aumes.fr\/index.php\/cimetiere\/\" \/>\n<meta property=\"og:site_name\" content=\"Mairie de Aumes\" \/>\n<meta property=\"article:modified_time\" content=\"2024-08-07T07:54:00+00:00\" \/>\n<meta property=\"og:image\" content=\"http:\/\/www.aumes.fr\/wp-content\/uploads\/2024\/08\/cimetiere.png\" \/>\n<meta name=\"twitter:card\" content=\"summary_large_image\" \/>\n<meta name=\"twitter:label1\" content=\"Est. reading time\" \/>\n\t<meta name=\"twitter:data1\" content=\"1 minute\" \/>\n<script type=\"application\/ld+json\" class=\"yoast-schema-graph\">{\"@context\":\"https:\\\/\\\/schema.org\",\"@graph\":[{\"@type\":\"WebPage\",\"@id\":\"https:\\\/\\\/www.aumes.fr\\\/index.php\\\/cimetiere\\\/\",\"url\":\"https:\\\/\\\/www.aumes.fr\\\/index.php\\\/cimetiere\\\/\",\"name\":\"Cimeti\u00e8re - Mairie de Aumes\",\"isPartOf\":{\"@id\":\"https:\\\/\\\/www.aumes.fr\\\/#website\"},\"primaryImageOfPage\":{\"@id\":\"https:\\\/\\\/www.aumes.fr\\\/index.php\\\/cimetiere\\\/#primaryimage\"},\"image\":{\"@id\":\"https:\\\/\\\/www.aumes.fr\\\/index.php\\\/cimetiere\\\/#primaryimage\"},\"thumbnailUrl\":\"http:\\\/\\\/www.aumes.fr\\\/wp-content\\\/uploads\\\/2024\\\/08\\\/cimetiere.png\",\"datePublished\":\"2024-05-24T07:38:00+00:00\",\"dateModified\":\"2024-08-07T07:54:00+00:00\",\"description\":\"Bienvenue sur le site officiel de la Mairie de Aumes, informations et nouvelles du village dominant la vall\u00e9e de l'H\u00e9rault.\",\"breadcrumb\":{\"@id\":\"https:\\\/\\\/www.aumes.fr\\\/index.php\\\/cimetiere\\\/#breadcrumb\"},\"inLanguage\":\"en-US\",\"potentialAction\":[{\"@type\":\"ReadAction\",\"target\":[\"https:\\\/\\\/www.aumes.fr\\\/index.php\\\/cimetiere\\\/\"]}]},{\"@type\":\"ImageObject\",\"inLanguage\":\"en-US\",\"@id\":\"https:\\\/\\\/www.aumes.fr\\\/index.php\\\/cimetiere\\\/#primaryimage\",\"url\":\"https:\\\/\\\/www.aumes.fr\\\/wp-content\\\/uploads\\\/2024\\\/08\\\/cimetiere.png\",\"contentUrl\":\"https:\\\/\\\/www.aumes.fr\\\/wp-content\\\/uploads\\\/2024\\\/08\\\/cimetiere.png\",\"width\":536,\"height\":710},{\"@type\":\"BreadcrumbList\",\"@id\":\"https:\\\/\\\/www.aumes.fr\\\/index.php\\\/cimetiere\\\/#breadcrumb\",\"itemListElement\":[{\"@type\":\"ListItem\",\"position\":1,\"name\":\"Accueil\",\"item\":\"https:\\\/\\\/www.aumes.fr\\\/\"},{\"@type\":\"ListItem\",\"position\":2,\"name\":\"Cimeti\u00e8re\"}]},{\"@type\":\"WebSite\",\"@id\":\"https:\\\/\\\/www.aumes.fr\\\/#website\",\"url\":\"https:\\\/\\\/www.aumes.fr\\\/\",\"name\":\"Mairie de Aumes\",\"description\":\"Bienvenue sur le site officiel de la Mairie de Aumes, informations et nouvelles du village dominant la vall\u00e9e de l&#039;H\u00e9rault.\",\"publisher\":{\"@id\":\"https:\\\/\\\/www.aumes.fr\\\/#organization\"},\"potentialAction\":[{\"@type\":\"SearchAction\",\"target\":{\"@type\":\"EntryPoint\",\"urlTemplate\":\"https:\\\/\\\/www.aumes.fr\\\/?s={search_term_string}\"},\"query-input\":{\"@type\":\"PropertyValueSpecification\",\"valueRequired\":true,\"valueName\":\"search_term_string\"}}],\"inLanguage\":\"en-US\"},{\"@type\":\"Organization\",\"@id\":\"https:\\\/\\\/www.aumes.fr\\\/#organization\",\"name\":\"Mairie de Aumes\",\"url\":\"https:\\\/\\\/www.aumes.fr\\\/\",\"logo\":{\"@type\":\"ImageObject\",\"inLanguage\":\"en-US\",\"@id\":\"https:\\\/\\\/www.aumes.fr\\\/#\\\/schema\\\/logo\\\/image\\\/\",\"url\":\"https:\\\/\\\/www.aumes.fr\\\/wp-content\\\/uploads\\\/2024\\\/08\\\/cropped-20220624-logo-Aumes.png\",\"contentUrl\":\"https:\\\/\\\/www.aumes.fr\\\/wp-content\\\/uploads\\\/2024\\\/08\\\/cropped-20220624-logo-Aumes.png\",\"width\":436,\"height\":480,\"caption\":\"Mairie de Aumes\"},\"image\":{\"@id\":\"https:\\\/\\\/www.aumes.fr\\\/#\\\/schema\\\/logo\\\/image\\\/\"}}]}<\/script>\n<!-- \/ Yoast SEO plugin. -->","yoast_head_json":{"title":"Cimeti\u00e8re - Mairie de Aumes","description":"Bienvenue sur le site officiel de la Mairie de Aumes, informations et nouvelles du village dominant la vall\u00e9e de l'H\u00e9rault.","robots":{"index":"index","follow":"follow","max-snippet":"max-snippet:-1","max-image-preview":"max-image-preview:large","max-video-preview":"max-video-preview:-1"},"canonical":"https:\/\/www.aumes.fr\/index.php\/cimetiere\/","og_locale":"en_US","og_type":"article","og_title":"Cimeti\u00e8re - Mairie de Aumes","og_description":"Bienvenue sur le site officiel de la Mairie de Aumes, informations et nouvelles du village dominant la vall\u00e9e de l'H\u00e9rault.","og_url":"https:\/\/www.aumes.fr\/index.php\/cimetiere\/","og_site_name":"Mairie de Aumes","article_modified_time":"2024-08-07T07:54:00+00:00","og_image":[{"url":"http:\/\/www.aumes.fr\/wp-content\/uploads\/2024\/08\/cimetiere.png","type":"","width":"","height":""}],"twitter_card":"summary_large_image","twitter_misc":{"Est. reading time":"1 minute"},"schema":{"@context":"https:\/\/schema.org","@graph":[{"@type":"WebPage","@id":"https:\/\/www.aumes.fr\/index.php\/cimetiere\/","url":"https:\/\/www.aumes.fr\/index.php\/cimetiere\/","name":"Cimeti\u00e8re - Mairie de Aumes","isPartOf":{"@id":"https:\/\/www.aumes.fr\/#website"},"primaryImageOfPage":{"@id":"https:\/\/www.aumes.fr\/index.php\/cimetiere\/#primaryimage"},"image":{"@id":"https:\/\/www.aumes.fr\/index.php\/cimetiere\/#primaryimage"},"thumbnailUrl":"http:\/\/www.aumes.fr\/wp-content\/uploads\/2024\/08\/cimetiere.png","datePublished":"2024-05-24T07:38:00+00:00","dateModified":"2024-08-07T07:54:00+00:00","description":"Bienvenue sur le site officiel de la Mairie de Aumes, informations et nouvelles du village dominant la vall\u00e9e de l'H\u00e9rault.","breadcrumb":{"@id":"https:\/\/www.aumes.fr\/index.php\/cimetiere\/#breadcrumb"},"inLanguage":"en-US","potentialAction":[{"@type":"ReadAction","target":["https:\/\/www.aumes.fr\/index.php\/cimetiere\/"]}]},{"@type":"ImageObject","inLanguage":"en-US","@id":"https:\/\/www.aumes.fr\/index.php\/cimetiere\/#primaryimage","url":"https:\/\/www.aumes.fr\/wp-content\/uploads\/2024\/08\/cimetiere.png","contentUrl":"https:\/\/www.aumes.fr\/wp-content\/uploads\/2024\/08\/cimetiere.png","width":536,"height":710},{"@type":"BreadcrumbList","@id":"https:\/\/www.aumes.fr\/index.php\/cimetiere\/#breadcrumb","itemListElement":[{"@type":"ListItem","position":1,"name":"Accueil","item":"https:\/\/www.aumes.fr\/"},{"@type":"ListItem","position":2,"name":"Cimeti\u00e8re"}]},{"@type":"WebSite","@id":"https:\/\/www.aumes.fr\/#website","url":"https:\/\/www.aumes.fr\/","name":"Mairie de Aumes","description":"Bienvenue sur le site officiel de la Mairie de Aumes, informations et nouvelles du village dominant la vall\u00e9e de l&#039;H\u00e9rault.","publisher":{"@id":"https:\/\/www.aumes.fr\/#organization"},"potentialAction":[{"@type":"SearchAction","target":{"@type":"EntryPoint","urlTemplate":"https:\/\/www.aumes.fr\/?s={search_term_string}"},"query-input":{"@type":"PropertyValueSpecification","valueRequired":true,"valueName":"search_term_string"}}],"inLanguage":"en-US"},{"@type":"Organization","@id":"https:\/\/www.aumes.fr\/#organization","name":"Mairie de Aumes","url":"https:\/\/www.aumes.fr\/","logo":{"@type":"ImageObject","inLanguage":"en-US","@id":"https:\/\/www.aumes.fr\/#\/schema\/logo\/image\/","url":"https:\/\/www.aumes.fr\/wp-content\/uploads\/2024\/08\/cropped-20220624-logo-Aumes.png","contentUrl":"https:\/\/www.aumes.fr\/wp-content\/uploads\/2024\/08\/cropped-20220624-logo-Aumes.png","width":436,"height":480,"caption":"Mairie de Aumes"},"image":{"@id":"https:\/\/www.aumes.fr\/#\/schema\/logo\/image\/"}}]}},"_links":{"self":[{"href":"https:\/\/www.aumes.fr\/index.php\/wp-json\/wp\/v2\/pages\/22","targetHints":{"allow":["GET"]}}],"collection":[{"href":"https:\/\/www.aumes.fr\/index.php\/wp-json\/wp\/v2\/pages"}],"about":[{"href":"https:\/\/www.aumes.fr\/index.php\/wp-json\/wp\/v2\/types\/page"}],"author":[{"embeddable":true,"href":"https:\/\/www.aumes.fr\/index.php\/wp-json\/wp\/v2\/users\/1"}],"replies":[{"embeddable":true,"href":"https:\/\/www.aumes.fr\/index.php\/wp-json\/wp\/v2\/comments?post=22"}],"version-history":[{"count":13,"href":"https:\/\/www.aumes.fr\/index.php\/wp-json\/wp\/v2\/pages\/22\/revisions"}],"predecessor-version":[{"id":1397,"href":"https:\/\/www.aumes.fr\/index.php\/wp-json\/wp\/v2\/pages\/22\/revisions\/1397"}],"wp:attachment":[{"href":"https:\/\/www.aumes.fr\/index.php\/wp-json\/wp\/v2\/media?parent=22"}],"curies":[{"name":"wp","href":"https:\/\/api.w.org\/{rel}","templated":true}]}}