{"id":8,"date":"2024-05-24T09:17:12","date_gmt":"2024-05-24T07:17:12","guid":{"rendered":"http:\/\/www.aumes.fr\/?page_id=8"},"modified":"2024-08-09T11:06:25","modified_gmt":"2024-08-09T09:06:25","slug":"accueil","status":"publish","type":"page","link":"https:\/\/www.aumes.fr\/","title":{"rendered":"Accueil"},"content":{"rendered":"\t\t<div data-elementor-type=\"wp-page\" data-elementor-id=\"8\" class=\"elementor elementor-8\">\n\t\t\t\t<header class=\"elementor-element elementor-element-169ba9ac e-con-full e-flex e-con e-parent\" data-id=\"169ba9ac\" data-element_type=\"container\" data-e-type=\"container\" data-settings=\"{&quot;background_background&quot;:&quot;slideshow&quot;,&quot;position&quot;:&quot;fixed&quot;,&quot;background_slideshow_gallery&quot;:[],&quot;background_slideshow_loop&quot;:&quot;yes&quot;,&quot;background_slideshow_slide_duration&quot;:5000,&quot;background_slideshow_slide_transition&quot;:&quot;fade&quot;,&quot;background_slideshow_transition_duration&quot;:500}\">\n\t\t\t\t<\/header>\n\t\t<div class=\"elementor-element elementor-element-6ddcd8c e-con-full e-flex e-con e-parent\" data-id=\"6ddcd8c\" data-element_type=\"container\" data-e-type=\"container\">\n\t\t\t\t<\/div>\n\t\t<div class=\"elementor-element elementor-element-04a4365 e-flex e-con-boxed e-con e-parent\" data-id=\"04a4365\" data-element_type=\"container\" data-e-type=\"container\">\n\t\t\t\t\t<div class=\"e-con-inner\">\n\t\t\t\t<div class=\"elementor-element elementor-element-316d100 elementor-widget elementor-widget-image\" data-id=\"316d100\" data-element_type=\"widget\" data-e-type=\"widget\" data-widget_type=\"image.default\">\n\t\t\t\t<div class=\"elementor-widget-container\">\n\t\t\t\t\t\t\t\t\t\t\t\t\t\t\t<img decoding=\"async\" src=\"https:\/\/www.aumes.fr\/wp-content\/uploads\/2024\/05\/Sans-titre-e1723045241375.png\" title=\"Place du village\" alt=\"Place du village\" loading=\"lazy\" \/>\t\t\t\t\t\t\t\t\t\t\t\t\t\t\t<\/div>\n\t\t\t\t<\/div>\n\t\t\t\t<div class=\"elementor-element elementor-element-ce40fb5 elementor-widget elementor-widget-heading\" data-id=\"ce40fb5\" data-element_type=\"widget\" data-e-type=\"widget\" data-widget_type=\"heading.default\">\n\t\t\t\t<div class=\"elementor-widget-container\">\n\t\t\t\t\t<h2 class=\"elementor-heading-title elementor-size-default\">Bienvenue \u00e0 Aumes, <\/h2>\t\t\t\t<\/div>\n\t\t\t\t<\/div>\n\t\t\t\t\t<\/div>\n\t\t\t\t<\/div>\n\t\t<div class=\"elementor-element elementor-element-d9975fd e-flex e-con-boxed e-con e-parent\" data-id=\"d9975fd\" data-element_type=\"container\" data-e-type=\"container\">\n\t\t\t\t\t<div class=\"e-con-inner\">\n\t\t\t\t<div class=\"elementor-element elementor-element-70230de elementor-widget elementor-widget-spacer\" data-id=\"70230de\" data-element_type=\"widget\" data-e-type=\"widget\" data-widget_type=\"spacer.default\">\n\t\t\t\t<div class=\"elementor-widget-container\">\n\t\t\t\t\t\t\t<div class=\"elementor-spacer\">\n\t\t\t<div class=\"elementor-spacer-inner\"><\/div>\n\t\t<\/div>\n\t\t\t\t\t\t<\/div>\n\t\t\t\t<\/div>\n\t\t\t\t<div class=\"elementor-element elementor-element-28b7e1d elementor-widget__width-inherit elementor-widget elementor-widget-text-editor\" data-id=\"28b7e1d\" data-element_type=\"widget\" data-e-type=\"widget\" data-widget_type=\"text-editor.default\">\n\t\t\t\t<div class=\"elementor-widget-container\">\n\t\t\t\t\t\t\t\t\t<p style=\"text-align: left;\">Aumes, commune de plus de 500 habitants est situ\u00e9e depuis toujours \u00e0 proximit\u00e9 de grandes voies de circulation.<\/p><p style=\"text-align: left;\">Au carrefour de la voie Domitienne et de la voie romaine 31, qui menait autrefois \u00e0 Rodez, et des autoroutes A9 et A75 de nos jours.<\/p><p style=\"text-align: left;\">Aujourd\u2019hui, c\u2019est un village paisible sur un territoire de 7.4km\u00b2 au milieu des vignes et de la garrigue dans lequel il fait bon vivre, les recensements le d\u00e9montrent avec une population en constante augmentation.<\/p><p style=\"text-align: left;\">Implant\u00e9 au pied d\u2019un oppidum, ancienne \u00e9tape des arm\u00e9es romaines, le village domine la vall\u00e9e de l\u2019H\u00e9rault et offre d<span style=\"font-size: 20px;\">epuis le plateau, une vue panoramique sur les alentours.<\/span><\/p><p style=\"text-align: left;\">Sa chapelle castrale, avec son chevet carr\u00e9 qui abrite un mus\u00e9e, m\u00e9rite une visite tout comme l<span style=\"font-size: 20px;\">\u2019ancien presbyt\u00e8re et plusieurs maisons vigneronnes.<\/span><\/p><p style=\"text-align: left;\">De nombreux itin\u00e9raires de balades \u00e0 pied ou en VTT permettent de d\u00e9couvrir les environs avec les ch\u00e2teaux de Marennes et de Saint Martin de Grave tout en profitant des garrigues environnantes.<\/p><p style=\"text-align: left;\">A Aumes, venez partager un moment de bonheur et de s\u00e9r\u00e9nit\u00e9 dans une nature encore pr\u00e9serv\u00e9e.<\/p>\t\t\t\t\t\t\t\t<\/div>\n\t\t\t\t<\/div>\n\t\t\t\t\t<\/div>\n\t\t\t\t<\/div>\n\t\t<div class=\"elementor-element elementor-element-271e090 e-flex e-con-boxed e-con e-parent\" data-id=\"271e090\" data-element_type=\"container\" data-e-type=\"container\">\n\t\t\t\t\t<div class=\"e-con-inner\">\n\t\t\t\t<div class=\"elementor-element elementor-element-ef9d80a elementor-grid-eael-col-4 elementor-grid-tablet-eael-col-2 elementor-grid-mobile-eael-col-1 elementor-widget elementor-widget-eael-post-grid\" data-id=\"ef9d80a\" data-element_type=\"widget\" data-e-type=\"widget\" data-settings=\"{&quot;eael_post_grid_columns&quot;:&quot;eael-col-4&quot;,&quot;eael_post_grid_columns_tablet&quot;:&quot;eael-col-2&quot;,&quot;eael_post_grid_columns_mobile&quot;:&quot;eael-col-1&quot;}\" data-widget_type=\"eael-post-grid.default\">\n\t\t\t\t<div class=\"elementor-widget-container\">\n\t\t\t\t\t<div id=\"eael-post-grid-ef9d80a\" class=\"eael-post-grid-container\">\n            <div class=\"eael-post-grid eael-post-appender eael-post-appender-ef9d80a eael-post-grid-style-one\" data-layout-mode=\"masonry\"><article class=\"eael-grid-post  eael-post-grid-column eael-pg-post-1959 category-evenements\" data-id=\"1959\">\n        <div class=\"eael-grid-post-holder\">\n            <div class=\"eael-grid-post-holder-inner\"><div class=\"eael-entry-media\"><div class=\"eael-entry-overlay fade-in\"><i class=\"fas fa-long-arrow-alt-right\" aria-hidden=\"true\"><\/i><a href=\"https:\/\/www.aumes.fr\/index.php\/2025\/03\/06\/%f0%9f%8d%80-venez-feter-la-st-patrick-%f0%9f%8d%80\/\"><\/a><\/div><div class=\"eael-entry-thumbnail \">\n                <img fetchpriority=\"high\" decoding=\"async\" width=\"212\" height=\"300\" src=\"https:\/\/www.aumes.fr\/wp-content\/uploads\/2025\/03\/2025-fete-de-la-biere-212x300.jpg\" class=\"attachment-medium size-medium wp-image-1961\" alt=\"fete st patrick\" srcset=\"https:\/\/www.aumes.fr\/wp-content\/uploads\/2025\/03\/2025-fete-de-la-biere-212x300.jpg 212w, https:\/\/www.aumes.fr\/wp-content\/uploads\/2025\/03\/2025-fete-de-la-biere-724x1024.jpg 724w, https:\/\/www.aumes.fr\/wp-content\/uploads\/2025\/03\/2025-fete-de-la-biere-768x1086.jpg 768w, https:\/\/www.aumes.fr\/wp-content\/uploads\/2025\/03\/2025-fete-de-la-biere-1086x1536.jpg 1086w, https:\/\/www.aumes.fr\/wp-content\/uploads\/2025\/03\/2025-fete-de-la-biere.jpg 1448w\" sizes=\"(max-width: 212px) 100vw, 212px\" \/>\n            <\/div>\n        <\/div><div class=\"eael-entry-wrapper\"><header class=\"eael-entry-header\"><h2 class=\"eael-entry-title\"><a class=\"eael-grid-post-link\" href=\"https:\/\/www.aumes.fr\/index.php\/2025\/03\/06\/%f0%9f%8d%80-venez-feter-la-st-patrick-%f0%9f%8d%80\/\" title=\"Venez f\u00eater la St Patrick !\">Venez f\u00eater la St Patrick !<\/a><\/h2><\/header><div class=\"eael-entry-content\">\n                        <div class=\"eael-grid-post-excerpt\"><p>Le 22 mars 2025 d\u00e8s 19h30, venez c\u00e9l\u00e9brer la Saint-Patrick...<\/p><a href=\"https:\/\/www.aumes.fr\/index.php\/2025\/03\/06\/%f0%9f%8d%80-venez-feter-la-st-patrick-%f0%9f%8d%80\/\" class=\"eael-post-elements-readmore-btn\">Lire plus ...<\/a><\/div>\n                    <\/div><div class=\"eael-entry-footer\"><div class=\"eael-author-avatar\"><a href=\"https:\/\/www.aumes.fr\/index.php\/author\/admin5315\/\"><img alt='admin5315' src='https:\/\/secure.gravatar.com\/avatar\/67d57290aea867a4650a4d62f5e173fb1e45bed0fb29c70ad50b008066f28b24?s=96&#038;d=mm&#038;r=g' srcset='https:\/\/secure.gravatar.com\/avatar\/67d57290aea867a4650a4d62f5e173fb1e45bed0fb29c70ad50b008066f28b24?s=192&#038;d=mm&#038;r=g 2x' class='avatar avatar-96 photo' height='96' width='96' \/><\/a><\/div><div class=\"eael-entry-meta\"><span class=\"eael-posted-by\"><a href=\"https:\/\/www.aumes.fr\/index.php\/author\/admin5315\/\" title=\"Posts by admin5315\" rel=\"author\">admin5315<\/a><\/span><\/div><\/div><\/div><\/div>\n        <\/div>\n    <\/article><\/div>\n            <div class=\"clearfix\"><\/div>\n        <\/div>\t\t\t\t<\/div>\n\t\t\t\t<\/div>\n\t\t\t\t\t<\/div>\n\t\t\t\t<\/div>\n\t\t\t\t<\/div>\n\t\t","protected":false},"excerpt":{"rendered":"<p>Bienvenue \u00e0 Aumes, Aumes, commune de plus de 500 habitants est situ\u00e9e depuis toujours \u00e0 proximit\u00e9 de grandes voies de circulation. Au carrefour de la voie Domitienne et de la voie romaine 31, qui menait autrefois \u00e0 Rodez, et des autoroutes A9 et A75 de nos jours. Aujourd\u2019hui, c\u2019est un village paisible sur un territoire [&hellip;]<\/p>\n","protected":false},"author":1,"featured_media":56,"parent":0,"menu_order":0,"comment_status":"closed","ping_status":"closed","template":"elementor_header_footer","meta":{"ocean_post_layout":"","ocean_both_sidebars_style":"","ocean_both_sidebars_content_width":0,"ocean_both_sidebars_sidebars_width":0,"ocean_sidebar":"","ocean_second_sidebar":"","ocean_disable_margins":"enable","ocean_add_body_class":"","ocean_shortcode_before_top_bar":"","ocean_shortcode_after_top_bar":"","ocean_shortcode_before_header":"","ocean_shortcode_after_header":"","ocean_has_shortcode":"","ocean_shortcode_after_title":"","ocean_shortcode_before_footer_widgets":"","ocean_shortcode_after_footer_widgets":"","ocean_shortcode_before_footer_bottom":"","ocean_shortcode_after_footer_bottom":"","ocean_display_top_bar":"default","ocean_display_header":"default","ocean_header_style":"","ocean_center_header_left_menu":"","ocean_custom_header_template":"","ocean_custom_logo":0,"ocean_custom_retina_logo":0,"ocean_custom_logo_max_width":0,"ocean_custom_logo_tablet_max_width":0,"ocean_custom_logo_mobile_max_width":0,"ocean_custom_logo_max_height":0,"ocean_custom_logo_tablet_max_height":0,"ocean_custom_logo_mobile_max_height":0,"ocean_header_custom_menu":"","ocean_menu_typo_font_family":"","ocean_menu_typo_font_subset":"","ocean_menu_typo_font_size":0,"ocean_menu_typo_font_size_tablet":0,"ocean_menu_typo_font_size_mobile":0,"ocean_menu_typo_font_size_unit":"px","ocean_menu_typo_font_weight":"","ocean_menu_typo_font_weight_tablet":"","ocean_menu_typo_font_weight_mobile":"","ocean_menu_typo_transform":"","ocean_menu_typo_transform_tablet":"","ocean_menu_typo_transform_mobile":"","ocean_menu_typo_line_height":0,"ocean_menu_typo_line_height_tablet":0,"ocean_menu_typo_line_height_mobile":0,"ocean_menu_typo_line_height_unit":"","ocean_menu_typo_spacing":0,"ocean_menu_typo_spacing_tablet":0,"ocean_menu_typo_spacing_mobile":0,"ocean_menu_typo_spacing_unit":"","ocean_menu_link_color":"","ocean_menu_link_color_hover":"","ocean_menu_link_color_active":"","ocean_menu_link_background":"","ocean_menu_link_hover_background":"","ocean_menu_link_active_background":"","ocean_menu_social_links_bg":"","ocean_menu_social_hover_links_bg":"","ocean_menu_social_links_color":"","ocean_menu_social_hover_links_color":"","ocean_disable_title":"default","ocean_disable_heading":"default","ocean_post_title":"","ocean_post_subheading":"","ocean_post_title_style":"","ocean_post_title_background_color":"","ocean_post_title_background":0,"ocean_post_title_bg_image_position":"","ocean_post_title_bg_image_attachment":"","ocean_post_title_bg_image_repeat":"","ocean_post_title_bg_image_size":"","ocean_post_title_height":0,"ocean_post_title_bg_overlay":0.5,"ocean_post_title_bg_overlay_color":"","ocean_disable_breadcrumbs":"default","ocean_breadcrumbs_color":"","ocean_breadcrumbs_separator_color":"","ocean_breadcrumbs_links_color":"","ocean_breadcrumbs_links_hover_color":"","ocean_display_footer_widgets":"default","ocean_display_footer_bottom":"default","ocean_custom_footer_template":"","footnotes":""},"class_list":["post-8","page","type-page","status-publish","has-post-thumbnail","hentry","entry","has-media"],"yoast_head":"<!-- This site is optimized with the Yoast SEO plugin v27.5 - https:\/\/yoast.com\/product\/yoast-seo-wordpress\/ -->\n<title>Accueil - Mairie de Aumes<\/title>\n<meta name=\"description\" content=\"Bienvenue sur le site officiel de la Mairie de Aumes, informations et nouvelles du village dominant la vall\u00e9e de l&#039;H\u00e9rault.\" \/>\n<meta name=\"robots\" content=\"index, follow, max-snippet:-1, max-image-preview:large, max-video-preview:-1\" \/>\n<link rel=\"canonical\" href=\"https:\/\/www.aumes.fr\/\" \/>\n<meta property=\"og:locale\" content=\"en_US\" \/>\n<meta property=\"og:type\" content=\"article\" \/>\n<meta property=\"og:title\" content=\"Accueil - Mairie de Aumes\" \/>\n<meta property=\"og:description\" content=\"Bienvenue sur le site officiel de la Mairie de Aumes, informations et nouvelles du village dominant la vall\u00e9e de l&#039;H\u00e9rault.\" \/>\n<meta property=\"og:url\" content=\"https:\/\/www.aumes.fr\/\" \/>\n<meta property=\"og:site_name\" content=\"Mairie de Aumes\" \/>\n<meta property=\"article:modified_time\" content=\"2024-08-09T09:06:25+00:00\" \/>\n<meta property=\"og:image\" content=\"https:\/\/www.aumes.fr\/wp-content\/uploads\/2024\/05\/Sans-titre-e1723045241375-1024x324.png\" \/>\n\t<meta property=\"og:image:width\" content=\"1024\" \/>\n\t<meta property=\"og:image:height\" content=\"324\" \/>\n\t<meta property=\"og:image:type\" content=\"image\/png\" \/>\n<meta name=\"twitter:card\" content=\"summary_large_image\" \/>\n<meta name=\"twitter:label1\" content=\"Est. reading time\" \/>\n\t<meta name=\"twitter:data1\" content=\"2 minutes\" \/>\n<script type=\"application\/ld+json\" class=\"yoast-schema-graph\">{\"@context\":\"https:\\\/\\\/schema.org\",\"@graph\":[{\"@type\":\"WebPage\",\"@id\":\"https:\\\/\\\/www.aumes.fr\\\/\",\"url\":\"https:\\\/\\\/www.aumes.fr\\\/\",\"name\":\"Accueil - Mairie de Aumes\",\"isPartOf\":{\"@id\":\"http:\\\/\\\/www.aumes.fr\\\/#website\"},\"primaryImageOfPage\":{\"@id\":\"https:\\\/\\\/www.aumes.fr\\\/#primaryimage\"},\"image\":{\"@id\":\"https:\\\/\\\/www.aumes.fr\\\/#primaryimage\"},\"thumbnailUrl\":\"https:\\\/\\\/www.aumes.fr\\\/wp-content\\\/uploads\\\/2024\\\/05\\\/Sans-titre-e1723045241375.png\",\"datePublished\":\"2024-05-24T07:17:12+00:00\",\"dateModified\":\"2024-08-09T09:06:25+00:00\",\"description\":\"Bienvenue sur le site officiel de la Mairie de Aumes, informations et nouvelles du village dominant la vall\u00e9e de l'H\u00e9rault.\",\"breadcrumb\":{\"@id\":\"https:\\\/\\\/www.aumes.fr\\\/#breadcrumb\"},\"inLanguage\":\"en-US\",\"potentialAction\":[{\"@type\":\"ReadAction\",\"target\":[\"https:\\\/\\\/www.aumes.fr\\\/\"]}]},{\"@type\":\"ImageObject\",\"inLanguage\":\"en-US\",\"@id\":\"https:\\\/\\\/www.aumes.fr\\\/#primaryimage\",\"url\":\"https:\\\/\\\/www.aumes.fr\\\/wp-content\\\/uploads\\\/2024\\\/05\\\/Sans-titre-e1723045241375.png\",\"contentUrl\":\"https:\\\/\\\/www.aumes.fr\\\/wp-content\\\/uploads\\\/2024\\\/05\\\/Sans-titre-e1723045241375.png\",\"width\":2266,\"height\":717},{\"@type\":\"BreadcrumbList\",\"@id\":\"https:\\\/\\\/www.aumes.fr\\\/#breadcrumb\",\"itemListElement\":[{\"@type\":\"ListItem\",\"position\":1,\"name\":\"Accueil\",\"item\":\"https:\\\/\\\/www.aumes.fr\\\/\"},{\"@type\":\"ListItem\",\"position\":2,\"name\":\"Accueil\"}]},{\"@type\":\"WebSite\",\"@id\":\"http:\\\/\\\/www.aumes.fr\\\/#website\",\"url\":\"http:\\\/\\\/www.aumes.fr\\\/\",\"name\":\"Mairie de Aumes\",\"description\":\"Bienvenue sur le site officiel de la Mairie de Aumes, informations et nouvelles du village dominant la vall\u00e9e de l&#039;H\u00e9rault.\",\"publisher\":{\"@id\":\"http:\\\/\\\/www.aumes.fr\\\/#organization\"},\"potentialAction\":[{\"@type\":\"SearchAction\",\"target\":{\"@type\":\"EntryPoint\",\"urlTemplate\":\"http:\\\/\\\/www.aumes.fr\\\/?s={search_term_string}\"},\"query-input\":{\"@type\":\"PropertyValueSpecification\",\"valueRequired\":true,\"valueName\":\"search_term_string\"}}],\"inLanguage\":\"en-US\"},{\"@type\":\"Organization\",\"@id\":\"http:\\\/\\\/www.aumes.fr\\\/#organization\",\"name\":\"Mairie de Aumes\",\"url\":\"http:\\\/\\\/www.aumes.fr\\\/\",\"logo\":{\"@type\":\"ImageObject\",\"inLanguage\":\"en-US\",\"@id\":\"http:\\\/\\\/www.aumes.fr\\\/#\\\/schema\\\/logo\\\/image\\\/\",\"url\":\"https:\\\/\\\/www.aumes.fr\\\/wp-content\\\/uploads\\\/2024\\\/08\\\/cropped-20220624-logo-Aumes.png\",\"contentUrl\":\"https:\\\/\\\/www.aumes.fr\\\/wp-content\\\/uploads\\\/2024\\\/08\\\/cropped-20220624-logo-Aumes.png\",\"width\":436,\"height\":480,\"caption\":\"Mairie de Aumes\"},\"image\":{\"@id\":\"http:\\\/\\\/www.aumes.fr\\\/#\\\/schema\\\/logo\\\/image\\\/\"}}]}<\/script>\n<!-- \/ Yoast SEO plugin. -->","yoast_head_json":{"title":"Accueil - Mairie de Aumes","description":"Bienvenue sur le site officiel de la Mairie de Aumes, informations et nouvelles du village dominant la vall\u00e9e de l'H\u00e9rault.","robots":{"index":"index","follow":"follow","max-snippet":"max-snippet:-1","max-image-preview":"max-image-preview:large","max-video-preview":"max-video-preview:-1"},"canonical":"https:\/\/www.aumes.fr\/","og_locale":"en_US","og_type":"article","og_title":"Accueil - Mairie de Aumes","og_description":"Bienvenue sur le site officiel de la Mairie de Aumes, informations et nouvelles du village dominant la vall\u00e9e de l'H\u00e9rault.","og_url":"https:\/\/www.aumes.fr\/","og_site_name":"Mairie de Aumes","article_modified_time":"2024-08-09T09:06:25+00:00","og_image":[{"width":1024,"height":324,"url":"https:\/\/www.aumes.fr\/wp-content\/uploads\/2024\/05\/Sans-titre-e1723045241375-1024x324.png","type":"image\/png"}],"twitter_card":"summary_large_image","twitter_misc":{"Est. reading time":"2 minutes"},"schema":{"@context":"https:\/\/schema.org","@graph":[{"@type":"WebPage","@id":"https:\/\/www.aumes.fr\/","url":"https:\/\/www.aumes.fr\/","name":"Accueil - Mairie de Aumes","isPartOf":{"@id":"http:\/\/www.aumes.fr\/#website"},"primaryImageOfPage":{"@id":"https:\/\/www.aumes.fr\/#primaryimage"},"image":{"@id":"https:\/\/www.aumes.fr\/#primaryimage"},"thumbnailUrl":"https:\/\/www.aumes.fr\/wp-content\/uploads\/2024\/05\/Sans-titre-e1723045241375.png","datePublished":"2024-05-24T07:17:12+00:00","dateModified":"2024-08-09T09:06:25+00:00","description":"Bienvenue sur le site officiel de la Mairie de Aumes, informations et nouvelles du village dominant la vall\u00e9e de l'H\u00e9rault.","breadcrumb":{"@id":"https:\/\/www.aumes.fr\/#breadcrumb"},"inLanguage":"en-US","potentialAction":[{"@type":"ReadAction","target":["https:\/\/www.aumes.fr\/"]}]},{"@type":"ImageObject","inLanguage":"en-US","@id":"https:\/\/www.aumes.fr\/#primaryimage","url":"https:\/\/www.aumes.fr\/wp-content\/uploads\/2024\/05\/Sans-titre-e1723045241375.png","contentUrl":"https:\/\/www.aumes.fr\/wp-content\/uploads\/2024\/05\/Sans-titre-e1723045241375.png","width":2266,"height":717},{"@type":"BreadcrumbList","@id":"https:\/\/www.aumes.fr\/#breadcrumb","itemListElement":[{"@type":"ListItem","position":1,"name":"Accueil","item":"https:\/\/www.aumes.fr\/"},{"@type":"ListItem","position":2,"name":"Accueil"}]},{"@type":"WebSite","@id":"http:\/\/www.aumes.fr\/#website","url":"http:\/\/www.aumes.fr\/","name":"Mairie de Aumes","description":"Bienvenue sur le site officiel de la Mairie de Aumes, informations et nouvelles du village dominant la vall\u00e9e de l&#039;H\u00e9rault.","publisher":{"@id":"http:\/\/www.aumes.fr\/#organization"},"potentialAction":[{"@type":"SearchAction","target":{"@type":"EntryPoint","urlTemplate":"http:\/\/www.aumes.fr\/?s={search_term_string}"},"query-input":{"@type":"PropertyValueSpecification","valueRequired":true,"valueName":"search_term_string"}}],"inLanguage":"en-US"},{"@type":"Organization","@id":"http:\/\/www.aumes.fr\/#organization","name":"Mairie de Aumes","url":"http:\/\/www.aumes.fr\/","logo":{"@type":"ImageObject","inLanguage":"en-US","@id":"http:\/\/www.aumes.fr\/#\/schema\/logo\/image\/","url":"https:\/\/www.aumes.fr\/wp-content\/uploads\/2024\/08\/cropped-20220624-logo-Aumes.png","contentUrl":"https:\/\/www.aumes.fr\/wp-content\/uploads\/2024\/08\/cropped-20220624-logo-Aumes.png","width":436,"height":480,"caption":"Mairie de Aumes"},"image":{"@id":"http:\/\/www.aumes.fr\/#\/schema\/logo\/image\/"}}]}},"_links":{"self":[{"href":"https:\/\/www.aumes.fr\/index.php\/wp-json\/wp\/v2\/pages\/8","targetHints":{"allow":["GET"]}}],"collection":[{"href":"https:\/\/www.aumes.fr\/index.php\/wp-json\/wp\/v2\/pages"}],"about":[{"href":"https:\/\/www.aumes.fr\/index.php\/wp-json\/wp\/v2\/types\/page"}],"author":[{"embeddable":true,"href":"https:\/\/www.aumes.fr\/index.php\/wp-json\/wp\/v2\/users\/1"}],"replies":[{"embeddable":true,"href":"https:\/\/www.aumes.fr\/index.php\/wp-json\/wp\/v2\/comments?post=8"}],"version-history":[{"count":172,"href":"https:\/\/www.aumes.fr\/index.php\/wp-json\/wp\/v2\/pages\/8\/revisions"}],"predecessor-version":[{"id":1788,"href":"https:\/\/www.aumes.fr\/index.php\/wp-json\/wp\/v2\/pages\/8\/revisions\/1788"}],"wp:featuredmedia":[{"embeddable":true,"href":"https:\/\/www.aumes.fr\/index.php\/wp-json\/wp\/v2\/media\/56"}],"wp:attachment":[{"href":"https:\/\/www.aumes.fr\/index.php\/wp-json\/wp\/v2\/media?parent=8"}],"curies":[{"name":"wp","href":"https:\/\/api.w.org\/{rel}","templated":true}]}}